{"id":3841,"date":"2025-05-08T08:06:21","date_gmt":"2025-05-08T11:06:21","guid":{"rendered":"https:\/\/bmsolucoesedu.com.br\/portal\/?post_type=product&#038;p=3841"},"modified":"2025-10-18T16:30:56","modified_gmt":"2025-10-18T19:30:56","slug":"matematica-2","status":"publish","type":"product","link":"https:\/\/bmsolucoesedu.com.br\/portal\/produtos\/matematica-2\/","title":{"rendered":"REVER Matem\u00e1tica 2"},"content":{"rendered":"<p>Aqui s\u00e3o inclu\u00eddos os fatos b\u00e1sicos da subtra\u00e7\u00e3o. Em continuidade ao estudo de sequ\u00eancias, h\u00e1 atividades de identifica\u00e7\u00e3o de regularidades e sobre localiza\u00e7\u00e3o e esbo\u00e7o de roteiros, figuras geom\u00e9tricas espaciais e planas e medidas.<\/p>\n","protected":false},"excerpt":{"rendered":"<p>Aqui s\u00e3o inclu\u00eddos os fatos b\u00e1sicos da subtra\u00e7\u00e3o. Em continuidade ao estudo de sequ\u00eancias, h\u00e1 atividades de identifica\u00e7\u00e3o de regularidades e sobre localiza\u00e7\u00e3o e esbo\u00e7o de roteiros, figuras geom\u00e9tricas espaciais e planas e medidas.<\/p>\n","protected":false},"featured_media":5773,"template":"","meta":[],"product_brand":[],"product_cat":[195],"product_tag":[1119,211],"class_list":{"0":"post-3841","1":"product","2":"type-product","3":"status-publish","4":"has-post-thumbnail","6":"product_cat-servicos","7":"product_tag-i224","8":"product_tag-inex","9":"pa_item-i224","10":"pa_marca-cei","11":"pa_n-ata-i224","12":"wcpv_product_vendors-cei-editora-e-distribuidora-ltda","14":"first","15":"instock","16":"shipping-taxable","17":"purchasable","18":"product-type-simple"},"_links":{"self":[{"href":"https:\/\/bmsolucoesedu.com.br\/portal\/wp-json\/wp\/v2\/product\/3841","targetHints":{"allow":["GET"]}}],"collection":[{"href":"https:\/\/bmsolucoesedu.com.br\/portal\/wp-json\/wp\/v2\/product"}],"about":[{"href":"https:\/\/bmsolucoesedu.com.br\/portal\/wp-json\/wp\/v2\/types\/product"}],"wp:featuredmedia":[{"embeddable":true,"href":"https:\/\/bmsolucoesedu.com.br\/portal\/wp-json\/wp\/v2\/media\/5773"}],"wp:attachment":[{"href":"https:\/\/bmsolucoesedu.com.br\/portal\/wp-json\/wp\/v2\/media?parent=3841"}],"wp:term":[{"taxonomy":"product_brand","embeddable":true,"href":"https:\/\/bmsolucoesedu.com.br\/portal\/wp-json\/wp\/v2\/product_brand?post=3841"},{"taxonomy":"product_cat","embeddable":true,"href":"https:\/\/bmsolucoesedu.com.br\/portal\/wp-json\/wp\/v2\/product_cat?post=3841"},{"taxonomy":"product_tag","embeddable":true,"href":"https:\/\/bmsolucoesedu.com.br\/portal\/wp-json\/wp\/v2\/product_tag?post=3841"}],"curies":[{"name":"wp","href":"https:\/\/api.w.org\/{rel}","templated":true}]}}