{"id":3840,"date":"2025-05-08T08:06:21","date_gmt":"2025-05-08T11:06:21","guid":{"rendered":"https:\/\/bmsolucoesedu.com.br\/portal\/?post_type=product&#038;p=3840"},"modified":"2025-10-18T16:30:56","modified_gmt":"2025-10-18T19:30:56","slug":"portuguesa-2","status":"publish","type":"product","link":"https:\/\/bmsolucoesedu.com.br\/portal\/produtos\/portuguesa-2\/","title":{"rendered":"REVER Portuguesa 2"},"content":{"rendered":"<p>O foco \u00e9 a crian\u00e7a como sujeito inserido num contexto de tecnologia e influ\u00eancias digitais. O conceito de brincar\u00e9 ampliado, ao mesmo tempo em que se prioriza a grafia correta das palavras, sua segmenta\u00e7\u00e3o adequada e a leitura e escrita de frases e textos curtos nas formas imprensa e cursiva.<\/p>\n","protected":false},"excerpt":{"rendered":"<p>O foco \u00e9 a crian\u00e7a como sujeito inserido num contexto de tecnologia e influ\u00eancias digitais. O conceito de brincar\u00e9 ampliado, ao mesmo tempo em que se prioriza a grafia correta das palavras, sua segmenta\u00e7\u00e3o adequada e a leitura e escrita de frases e textos curtos nas formas imprensa e cursiva.<\/p>\n","protected":false},"featured_media":5764,"template":"","meta":[],"product_brand":[],"product_cat":[195],"product_tag":[1119,211],"class_list":{"0":"post-3840","1":"product","2":"type-product","3":"status-publish","4":"has-post-thumbnail","6":"product_cat-servicos","7":"product_tag-i224","8":"product_tag-inex","9":"pa_item-i224","10":"pa_marca-cei","11":"pa_n-ata-i224","12":"wcpv_product_vendors-cei-editora-e-distribuidora-ltda","14":"first","15":"instock","16":"shipping-taxable","17":"purchasable","18":"product-type-simple"},"_links":{"self":[{"href":"https:\/\/bmsolucoesedu.com.br\/portal\/wp-json\/wp\/v2\/product\/3840","targetHints":{"allow":["GET"]}}],"collection":[{"href":"https:\/\/bmsolucoesedu.com.br\/portal\/wp-json\/wp\/v2\/product"}],"about":[{"href":"https:\/\/bmsolucoesedu.com.br\/portal\/wp-json\/wp\/v2\/types\/product"}],"wp:featuredmedia":[{"embeddable":true,"href":"https:\/\/bmsolucoesedu.com.br\/portal\/wp-json\/wp\/v2\/media\/5764"}],"wp:attachment":[{"href":"https:\/\/bmsolucoesedu.com.br\/portal\/wp-json\/wp\/v2\/media?parent=3840"}],"wp:term":[{"taxonomy":"product_brand","embeddable":true,"href":"https:\/\/bmsolucoesedu.com.br\/portal\/wp-json\/wp\/v2\/product_brand?post=3840"},{"taxonomy":"product_cat","embeddable":true,"href":"https:\/\/bmsolucoesedu.com.br\/portal\/wp-json\/wp\/v2\/product_cat?post=3840"},{"taxonomy":"product_tag","embeddable":true,"href":"https:\/\/bmsolucoesedu.com.br\/portal\/wp-json\/wp\/v2\/product_tag?post=3840"}],"curies":[{"name":"wp","href":"https:\/\/api.w.org\/{rel}","templated":true}]}}