{"id":3838,"date":"2025-05-08T08:04:06","date_gmt":"2025-05-08T11:04:06","guid":{"rendered":"https:\/\/bmsolucoesedu.com.br\/portal\/?post_type=product&#038;p=3838"},"modified":"2025-10-18T16:30:56","modified_gmt":"2025-10-18T19:30:56","slug":"matematica-1","status":"publish","type":"product","link":"https:\/\/bmsolucoesedu.com.br\/portal\/produtos\/matematica-1\/","title":{"rendered":"REVER Matem\u00e1tica 1"},"content":{"rendered":"<p>Contagem, reconhecimento de n\u00fameros e quantifica\u00e7\u00e3o de elementos comp\u00f5em as primeiras atividades. Compara\u00e7\u00e3o, composi\u00e7\u00e3o e decomposi\u00e7\u00e3o de n\u00fameros tamb\u00e9m fazem parte dos conte\u00fados, assim como a constru\u00e7\u00e3o dos fatos b\u00e1sicos da adi\u00e7\u00e3o e a resolu\u00e7\u00e3o de problemas de adi\u00e7\u00e3o e de subtra\u00e7\u00e3o.<\/p>\n","protected":false},"excerpt":{"rendered":"<p>Contagem, reconhecimento de n\u00fameros e quantifica\u00e7\u00e3o de elementos comp\u00f5em as primeiras atividades. Compara\u00e7\u00e3o, composi\u00e7\u00e3o e decomposi\u00e7\u00e3o de n\u00fameros tamb\u00e9m fazem parte dos conte\u00fados, assim como a constru\u00e7\u00e3o dos fatos b\u00e1sicos da adi\u00e7\u00e3o e a resolu\u00e7\u00e3o de problemas de adi\u00e7\u00e3o e de subtra\u00e7\u00e3o.<\/p>\n","protected":false},"featured_media":5772,"template":"","meta":[],"product_brand":[],"product_cat":[195],"product_tag":[1119,211],"class_list":{"0":"post-3838","1":"product","2":"type-product","3":"status-publish","4":"has-post-thumbnail","6":"product_cat-servicos","7":"product_tag-i224","8":"product_tag-inex","9":"pa_item-i224","10":"pa_marca-cei","11":"pa_n-ata-i224","12":"wcpv_product_vendors-cei-editora-e-distribuidora-ltda","14":"first","15":"instock","16":"shipping-taxable","17":"purchasable","18":"product-type-simple"},"_links":{"self":[{"href":"https:\/\/bmsolucoesedu.com.br\/portal\/wp-json\/wp\/v2\/product\/3838","targetHints":{"allow":["GET"]}}],"collection":[{"href":"https:\/\/bmsolucoesedu.com.br\/portal\/wp-json\/wp\/v2\/product"}],"about":[{"href":"https:\/\/bmsolucoesedu.com.br\/portal\/wp-json\/wp\/v2\/types\/product"}],"wp:featuredmedia":[{"embeddable":true,"href":"https:\/\/bmsolucoesedu.com.br\/portal\/wp-json\/wp\/v2\/media\/5772"}],"wp:attachment":[{"href":"https:\/\/bmsolucoesedu.com.br\/portal\/wp-json\/wp\/v2\/media?parent=3838"}],"wp:term":[{"taxonomy":"product_brand","embeddable":true,"href":"https:\/\/bmsolucoesedu.com.br\/portal\/wp-json\/wp\/v2\/product_brand?post=3838"},{"taxonomy":"product_cat","embeddable":true,"href":"https:\/\/bmsolucoesedu.com.br\/portal\/wp-json\/wp\/v2\/product_cat?post=3838"},{"taxonomy":"product_tag","embeddable":true,"href":"https:\/\/bmsolucoesedu.com.br\/portal\/wp-json\/wp\/v2\/product_tag?post=3838"}],"curies":[{"name":"wp","href":"https:\/\/api.w.org\/{rel}","templated":true}]}}