{"id":3835,"date":"2025-05-08T07:59:41","date_gmt":"2025-05-08T10:59:41","guid":{"rendered":"https:\/\/bmsolucoesedu.com.br\/portal\/?post_type=product&#038;p=3835"},"modified":"2025-10-18T16:30:57","modified_gmt":"2025-10-18T19:30:57","slug":"portuguesa-1","status":"publish","type":"product","link":"https:\/\/bmsolucoesedu.com.br\/portal\/produtos\/portuguesa-1\/","title":{"rendered":"REVER Portuguesa 1"},"content":{"rendered":"<p>Fam\u00edlia e grupo social s\u00e3o pontos de partida para reflex\u00f5es sobre a identidade da crian\u00e7a e suas viv\u00eancias particulares e coletivas.A prioridade \u00e9 a compreens\u00e3o do sistema alfab\u00e9tico, a partir da aceita\u00e7\u00e3o da escrita como representa\u00e7\u00e3o da fala e das ideias; e da leitura como possibilidade de compreens\u00e3o do mundo.<\/p>\n","protected":false},"excerpt":{"rendered":"<p>Fam\u00edlia e grupo social s\u00e3o pontos de partida para reflex\u00f5es sobre a identidade da crian\u00e7a e suas viv\u00eancias particulares e coletivas.A prioridade \u00e9 a compreens\u00e3o do sistema alfab\u00e9tico, a partir da aceita\u00e7\u00e3o da escrita como representa\u00e7\u00e3o da fala e das ideias; e da leitura como possibilidade de compreens\u00e3o do mundo.<\/p>\n","protected":false},"featured_media":5763,"template":"","meta":[],"product_brand":[],"product_cat":[195],"product_tag":[1119,211],"class_list":{"0":"post-3835","1":"product","2":"type-product","3":"status-publish","4":"has-post-thumbnail","6":"product_cat-servicos","7":"product_tag-i224","8":"product_tag-inex","9":"pa_item-i224","10":"pa_marca-cei","11":"pa_n-ata-i224","12":"wcpv_product_vendors-cei-editora-e-distribuidora-ltda","14":"first","15":"instock","16":"shipping-taxable","17":"purchasable","18":"product-type-simple"},"_links":{"self":[{"href":"https:\/\/bmsolucoesedu.com.br\/portal\/wp-json\/wp\/v2\/product\/3835","targetHints":{"allow":["GET"]}}],"collection":[{"href":"https:\/\/bmsolucoesedu.com.br\/portal\/wp-json\/wp\/v2\/product"}],"about":[{"href":"https:\/\/bmsolucoesedu.com.br\/portal\/wp-json\/wp\/v2\/types\/product"}],"wp:featuredmedia":[{"embeddable":true,"href":"https:\/\/bmsolucoesedu.com.br\/portal\/wp-json\/wp\/v2\/media\/5763"}],"wp:attachment":[{"href":"https:\/\/bmsolucoesedu.com.br\/portal\/wp-json\/wp\/v2\/media?parent=3835"}],"wp:term":[{"taxonomy":"product_brand","embeddable":true,"href":"https:\/\/bmsolucoesedu.com.br\/portal\/wp-json\/wp\/v2\/product_brand?post=3835"},{"taxonomy":"product_cat","embeddable":true,"href":"https:\/\/bmsolucoesedu.com.br\/portal\/wp-json\/wp\/v2\/product_cat?post=3835"},{"taxonomy":"product_tag","embeddable":true,"href":"https:\/\/bmsolucoesedu.com.br\/portal\/wp-json\/wp\/v2\/product_tag?post=3835"}],"curies":[{"name":"wp","href":"https:\/\/api.w.org\/{rel}","templated":true}]}}