{"id":3562,"date":"2025-05-07T20:37:31","date_gmt":"2025-05-07T23:37:31","guid":{"rendered":"https:\/\/bmsolucoesedu.com.br\/portal\/?post_type=product&#038;p=3562"},"modified":"2025-05-07T20:38:04","modified_gmt":"2025-05-07T23:38:04","slug":"piso-emborrachado-anti-impacto","status":"publish","type":"product","link":"https:\/\/bmsolucoesedu.com.br\/portal\/produtos\/piso-emborrachado-anti-impacto\/","title":{"rendered":"Piso emborrachado anti-impacto"},"content":{"rendered":"<p>Com 40mm em placas de 1000x1000mm, e vincos de 500x500mm, drenante com base em \u201ccaixa de ovo\u201d, podendo ser instalado sobre ber\u00e7o de brita ou contrapiso com conten\u00e7\u00f5es laterais. Produto composto por part\u00edculas de borracha reciclada pigmentada nas cores Azul e terracota. Colado com adesivo PU Monocomponente.<\/p>\n","protected":false},"excerpt":{"rendered":"<p>Com 40mm em placas de 1000x1000mm, e vincos de 500x500mm, drenante com base em \u201ccaixa de ovo\u201d, podendo ser instalado sobre ber\u00e7o de brita ou contrapiso com conten\u00e7\u00f5es laterais. Produto composto por part\u00edculas de borracha reciclada pigmentada nas cores Azul e terracota. Colado com adesivo PU Monocomponente.<\/p>\n","protected":false},"featured_media":4071,"template":"","meta":[],"product_brand":[],"product_cat":[632],"product_tag":[1081],"class_list":{"0":"post-3562","1":"product","2":"type-product","3":"status-publish","4":"has-post-thumbnail","6":"product_cat-playgrounds","7":"product_tag-a242","8":"pa_item-296","9":"pa_lote-422","10":"pa_marca-dom-park","11":"pa_n-ata-01-2025","12":"pa_pregao-eletronico-por-registro-de-precos-no-07-2024","13":"pa_processo-licitatorio-07-2024","14":"wcpv_product_vendors-dom-park","16":"first","17":"instock","18":"shipping-taxable","19":"purchasable","20":"product-type-simple"},"_links":{"self":[{"href":"https:\/\/bmsolucoesedu.com.br\/portal\/wp-json\/wp\/v2\/product\/3562","targetHints":{"allow":["GET"]}}],"collection":[{"href":"https:\/\/bmsolucoesedu.com.br\/portal\/wp-json\/wp\/v2\/product"}],"about":[{"href":"https:\/\/bmsolucoesedu.com.br\/portal\/wp-json\/wp\/v2\/types\/product"}],"wp:featuredmedia":[{"embeddable":true,"href":"https:\/\/bmsolucoesedu.com.br\/portal\/wp-json\/wp\/v2\/media\/4071"}],"wp:attachment":[{"href":"https:\/\/bmsolucoesedu.com.br\/portal\/wp-json\/wp\/v2\/media?parent=3562"}],"wp:term":[{"taxonomy":"product_brand","embeddable":true,"href":"https:\/\/bmsolucoesedu.com.br\/portal\/wp-json\/wp\/v2\/product_brand?post=3562"},{"taxonomy":"product_cat","embeddable":true,"href":"https:\/\/bmsolucoesedu.com.br\/portal\/wp-json\/wp\/v2\/product_cat?post=3562"},{"taxonomy":"product_tag","embeddable":true,"href":"https:\/\/bmsolucoesedu.com.br\/portal\/wp-json\/wp\/v2\/product_tag?post=3562"}],"curies":[{"name":"wp","href":"https:\/\/api.w.org\/{rel}","templated":true}]}}