{"id":3561,"date":"2025-05-07T20:37:31","date_gmt":"2025-05-07T23:37:31","guid":{"rendered":"https:\/\/bmsolucoesedu.com.br\/portal\/?post_type=product&#038;p=3561"},"modified":"2025-05-07T20:38:04","modified_gmt":"2025-05-07T23:38:04","slug":"grama-sintetica-de-15-mm","status":"publish","type":"product","link":"https:\/\/bmsolucoesedu.com.br\/portal\/produtos\/grama-sintetica-de-15-mm\/","title":{"rendered":"Grama sint\u00e9tica de 15 mm:"},"content":{"rendered":"<p>Base simples fibrilada com no m\u00ednimo 36.220 pontos por m2, perfilada, produzida em polietileno 100% virgem, macia, n\u00e3o queima, n\u00e3o profaga fogo, danda assim grande conforto tanta para quem brinca, quanto para quem joga, quanto \u00e0 abrasividade, ancoragem, solidez \u00e0 luz, inflamabilidade, e da ignitabilidade do material.<\/p>\n","protected":false},"excerpt":{"rendered":"<p>Base simples fibrilada com no m\u00ednimo 36.220 pontos por m2, perfilada, produzida em polietileno 100% virgem, macia, n\u00e3o queima, n\u00e3o profaga fogo, danda assim grande conforto tanta para quem brinca, quanto para quem joga, quanto \u00e0 abrasividade, ancoragem, solidez \u00e0 luz, inflamabilidade, e da ignitabilidade do material.<\/p>\n","protected":false},"featured_media":4070,"template":"","meta":[],"product_brand":[],"product_cat":[632],"product_tag":[1081],"class_list":{"0":"post-3561","1":"product","2":"type-product","3":"status-publish","4":"has-post-thumbnail","6":"product_cat-playgrounds","7":"product_tag-a242","8":"pa_item-294","9":"pa_lote-422","10":"pa_marca-dom-park","11":"pa_n-ata-01-2025","12":"pa_pregao-eletronico-por-registro-de-precos-no-07-2024","13":"pa_processo-licitatorio-07-2024","14":"wcpv_product_vendors-dom-park","16":"first","17":"instock","18":"shipping-taxable","19":"purchasable","20":"product-type-simple"},"_links":{"self":[{"href":"https:\/\/bmsolucoesedu.com.br\/portal\/wp-json\/wp\/v2\/product\/3561","targetHints":{"allow":["GET"]}}],"collection":[{"href":"https:\/\/bmsolucoesedu.com.br\/portal\/wp-json\/wp\/v2\/product"}],"about":[{"href":"https:\/\/bmsolucoesedu.com.br\/portal\/wp-json\/wp\/v2\/types\/product"}],"wp:featuredmedia":[{"embeddable":true,"href":"https:\/\/bmsolucoesedu.com.br\/portal\/wp-json\/wp\/v2\/media\/4070"}],"wp:attachment":[{"href":"https:\/\/bmsolucoesedu.com.br\/portal\/wp-json\/wp\/v2\/media?parent=3561"}],"wp:term":[{"taxonomy":"product_brand","embeddable":true,"href":"https:\/\/bmsolucoesedu.com.br\/portal\/wp-json\/wp\/v2\/product_brand?post=3561"},{"taxonomy":"product_cat","embeddable":true,"href":"https:\/\/bmsolucoesedu.com.br\/portal\/wp-json\/wp\/v2\/product_cat?post=3561"},{"taxonomy":"product_tag","embeddable":true,"href":"https:\/\/bmsolucoesedu.com.br\/portal\/wp-json\/wp\/v2\/product_tag?post=3561"}],"curies":[{"name":"wp","href":"https:\/\/api.w.org\/{rel}","templated":true}]}}