{"id":3560,"date":"2025-05-07T20:37:31","date_gmt":"2025-05-07T23:37:31","guid":{"rendered":"https:\/\/bmsolucoesedu.com.br\/portal\/?post_type=product&#038;p=3560"},"modified":"2025-05-07T20:38:05","modified_gmt":"2025-05-07T23:38:05","slug":"balanco-2-lugares","status":"publish","type":"product","link":"https:\/\/bmsolucoesedu.com.br\/portal\/produtos\/balanco-2-lugares\/","title":{"rendered":"Balan\u00e7o 2 lugares,"},"content":{"rendered":"<p>Travessa superior em tubo de 2&#8243; parede 2,65mm, medindo 2,70m, com m\u00e3o francesa nos dois lados tamb\u00e9m em tubo 2&#8243;parede 2,65mm, p\u00e9s tipo A em tubo de 2&#8243; parede 2mm medindo 2,00m, travessa unindo os p\u00e9s tamb\u00e9m em tubo de 2&#8243;, assentos em polietileno rotomoldado medindo 500x200mm preso por correntes galvanizadas \u00e0 fogo de 5mm elo curto, revestidas com capa termo retr\u00e1til para evitar aprisionamento dos dedos, altura m\u00ednima 1850mm, sistema de movimenta\u00e7\u00e3o com buchas de poliacetal 20mm<\/p>\n","protected":false},"excerpt":{"rendered":"<p>Travessa superior em tubo de 2&#8243; parede 2,65mm, medindo 2,70m, com m\u00e3o francesa nos dois lados tamb\u00e9m em tubo 2&#8243;parede 2,65mm, p\u00e9s tipo A em tubo de 2&#8243; parede 2mm medindo 2,00m, travessa unindo os p\u00e9s tamb\u00e9m em tubo de 2&#8243;, assentos em polietileno rotomoldado medindo 500x200mm preso por correntes galvanizadas \u00e0 fogo de 5mm elo curto, revestidas com capa termo retr\u00e1til para evitar aprisionamento dos dedos, altura m\u00ednima 1850mm, sistema de movimenta\u00e7\u00e3o com buchas de poliacetal 20mm<\/p>\n","protected":false},"featured_media":4069,"template":"","meta":[],"product_brand":[],"product_cat":[632],"product_tag":[1081],"class_list":{"0":"post-3560","1":"product","2":"type-product","3":"status-publish","4":"has-post-thumbnail","6":"product_cat-playgrounds","7":"product_tag-a242","8":"pa_item-292","9":"pa_lote-422","10":"pa_marca-dom-park","11":"pa_n-ata-01-2025","12":"pa_pregao-eletronico-por-registro-de-precos-no-07-2024","13":"pa_processo-licitatorio-07-2024","14":"wcpv_product_vendors-dom-park","16":"first","17":"instock","18":"shipping-taxable","19":"purchasable","20":"product-type-simple"},"_links":{"self":[{"href":"https:\/\/bmsolucoesedu.com.br\/portal\/wp-json\/wp\/v2\/product\/3560","targetHints":{"allow":["GET"]}}],"collection":[{"href":"https:\/\/bmsolucoesedu.com.br\/portal\/wp-json\/wp\/v2\/product"}],"about":[{"href":"https:\/\/bmsolucoesedu.com.br\/portal\/wp-json\/wp\/v2\/types\/product"}],"wp:featuredmedia":[{"embeddable":true,"href":"https:\/\/bmsolucoesedu.com.br\/portal\/wp-json\/wp\/v2\/media\/4069"}],"wp:attachment":[{"href":"https:\/\/bmsolucoesedu.com.br\/portal\/wp-json\/wp\/v2\/media?parent=3560"}],"wp:term":[{"taxonomy":"product_brand","embeddable":true,"href":"https:\/\/bmsolucoesedu.com.br\/portal\/wp-json\/wp\/v2\/product_brand?post=3560"},{"taxonomy":"product_cat","embeddable":true,"href":"https:\/\/bmsolucoesedu.com.br\/portal\/wp-json\/wp\/v2\/product_cat?post=3560"},{"taxonomy":"product_tag","embeddable":true,"href":"https:\/\/bmsolucoesedu.com.br\/portal\/wp-json\/wp\/v2\/product_tag?post=3560"}],"curies":[{"name":"wp","href":"https:\/\/api.w.org\/{rel}","templated":true}]}}