{"id":3558,"date":"2025-05-07T20:37:31","date_gmt":"2025-05-07T23:37:31","guid":{"rendered":"https:\/\/bmsolucoesedu.com.br\/portal\/?post_type=product&#038;p=3558"},"modified":"2025-05-07T20:38:05","modified_gmt":"2025-05-07T23:38:05","slug":"casinha-tililica","status":"publish","type":"product","link":"https:\/\/bmsolucoesedu.com.br\/portal\/produtos\/casinha-tililica\/","title":{"rendered":"Casinha Tililica"},"content":{"rendered":"<p>Confeccionada em Polietileno Rotomoldado com aditivos UV, com sistemas de encaixe com rosca em inje\u00e7\u00e3o pl\u00e1stica. Composta por quatro paredes texturizadas com acabamento que imita pedra, uma porta, tr\u00eas janelas, uma chamin\u00e9, um fog\u00e3o cooktop em pl\u00e1stico encaixado em uma das janelas na parte interna da casinha, telhado com design de palha seca formado por duas pe\u00e7as, possui na sua parte interna uma lareira uniforme no pr\u00f3prio molde da parede.<\/p>\n","protected":false},"excerpt":{"rendered":"<p>Confeccionada em Polietileno Rotomoldado com aditivos UV, com sistemas de encaixe com rosca em inje\u00e7\u00e3o pl\u00e1stica. Composta por quatro paredes texturizadas com acabamento que imita pedra, uma porta, tr\u00eas janelas, uma chamin\u00e9, um fog\u00e3o cooktop em pl\u00e1stico encaixado em uma das janelas na parte interna da casinha, telhado com design de palha seca formado por duas pe\u00e7as, possui na sua parte interna uma lareira uniforme no pr\u00f3prio molde da parede.<\/p>\n","protected":false},"featured_media":4067,"template":"","meta":[],"product_brand":[],"product_cat":[632],"product_tag":[1081],"class_list":{"0":"post-3558","1":"product","2":"type-product","3":"status-publish","4":"has-post-thumbnail","6":"product_cat-playgrounds","7":"product_tag-a242","8":"pa_item-287","9":"pa_lote-422","10":"pa_marca-dom-park","11":"pa_n-ata-01-2025","12":"pa_pregao-eletronico-por-registro-de-precos-no-07-2024","13":"pa_processo-licitatorio-07-2024","14":"wcpv_product_vendors-dom-park","16":"first","17":"instock","18":"shipping-taxable","19":"purchasable","20":"product-type-simple"},"_links":{"self":[{"href":"https:\/\/bmsolucoesedu.com.br\/portal\/wp-json\/wp\/v2\/product\/3558","targetHints":{"allow":["GET"]}}],"collection":[{"href":"https:\/\/bmsolucoesedu.com.br\/portal\/wp-json\/wp\/v2\/product"}],"about":[{"href":"https:\/\/bmsolucoesedu.com.br\/portal\/wp-json\/wp\/v2\/types\/product"}],"wp:featuredmedia":[{"embeddable":true,"href":"https:\/\/bmsolucoesedu.com.br\/portal\/wp-json\/wp\/v2\/media\/4067"}],"wp:attachment":[{"href":"https:\/\/bmsolucoesedu.com.br\/portal\/wp-json\/wp\/v2\/media?parent=3558"}],"wp:term":[{"taxonomy":"product_brand","embeddable":true,"href":"https:\/\/bmsolucoesedu.com.br\/portal\/wp-json\/wp\/v2\/product_brand?post=3558"},{"taxonomy":"product_cat","embeddable":true,"href":"https:\/\/bmsolucoesedu.com.br\/portal\/wp-json\/wp\/v2\/product_cat?post=3558"},{"taxonomy":"product_tag","embeddable":true,"href":"https:\/\/bmsolucoesedu.com.br\/portal\/wp-json\/wp\/v2\/product_tag?post=3558"}],"curies":[{"name":"wp","href":"https:\/\/api.w.org\/{rel}","templated":true}]}}