{"id":3557,"date":"2025-05-07T20:37:31","date_gmt":"2025-05-07T23:37:31","guid":{"rendered":"https:\/\/bmsolucoesedu.com.br\/portal\/?post_type=product&#038;p=3557"},"modified":"2025-05-07T20:38:05","modified_gmt":"2025-05-07T23:38:05","slug":"gangorra-galinha-dupla-2","status":"publish","type":"product","link":"https:\/\/bmsolucoesedu.com.br\/portal\/produtos\/gangorra-galinha-dupla-2\/","title":{"rendered":"Gangorra Galinha Dupla"},"content":{"rendered":"<p>Confeccionado em Polietileno Rotomoldado com aditivos UV que permitem ficar exposto ao tempo sem perder a colora\u00e7\u00e3o, assento anat\u00f4mico em formato de Galinha , com pegadores confort\u00e1veis confeccionado em madeira e revestido com borracha refor\u00e7ada com ranhuras vazadas para maior seguran\u00e7a e conforto olhos confeccionados em pl\u00e1stico acr\u00edlico com rosca de encaixe.<\/p>\n","protected":false},"excerpt":{"rendered":"<p>Confeccionado em Polietileno Rotomoldado com aditivos UV que permitem ficar exposto ao tempo sem perder a colora\u00e7\u00e3o, assento anat\u00f4mico em formato de Galinha , com pegadores confort\u00e1veis confeccionado em madeira e revestido com borracha refor\u00e7ada com ranhuras vazadas para maior seguran\u00e7a e conforto olhos confeccionados em pl\u00e1stico acr\u00edlico com rosca de encaixe.<\/p>\n","protected":false},"featured_media":4066,"template":"","meta":[],"product_brand":[],"product_cat":[632],"product_tag":[1081],"class_list":{"0":"post-3557","1":"product","2":"type-product","3":"status-publish","4":"has-post-thumbnail","6":"product_cat-playgrounds","7":"product_tag-a242","8":"pa_item-285","9":"pa_lote-422","10":"pa_marca-dom-park","11":"pa_n-ata-01-2025","12":"pa_pregao-eletronico-por-registro-de-precos-no-07-2024","13":"pa_processo-licitatorio-07-2024","14":"wcpv_product_vendors-dom-park","16":"first","17":"instock","18":"shipping-taxable","19":"purchasable","20":"product-type-simple"},"_links":{"self":[{"href":"https:\/\/bmsolucoesedu.com.br\/portal\/wp-json\/wp\/v2\/product\/3557","targetHints":{"allow":["GET"]}}],"collection":[{"href":"https:\/\/bmsolucoesedu.com.br\/portal\/wp-json\/wp\/v2\/product"}],"about":[{"href":"https:\/\/bmsolucoesedu.com.br\/portal\/wp-json\/wp\/v2\/types\/product"}],"wp:featuredmedia":[{"embeddable":true,"href":"https:\/\/bmsolucoesedu.com.br\/portal\/wp-json\/wp\/v2\/media\/4066"}],"wp:attachment":[{"href":"https:\/\/bmsolucoesedu.com.br\/portal\/wp-json\/wp\/v2\/media?parent=3557"}],"wp:term":[{"taxonomy":"product_brand","embeddable":true,"href":"https:\/\/bmsolucoesedu.com.br\/portal\/wp-json\/wp\/v2\/product_brand?post=3557"},{"taxonomy":"product_cat","embeddable":true,"href":"https:\/\/bmsolucoesedu.com.br\/portal\/wp-json\/wp\/v2\/product_cat?post=3557"},{"taxonomy":"product_tag","embeddable":true,"href":"https:\/\/bmsolucoesedu.com.br\/portal\/wp-json\/wp\/v2\/product_tag?post=3557"}],"curies":[{"name":"wp","href":"https:\/\/api.w.org\/{rel}","templated":true}]}}