{"id":3553,"date":"2025-05-07T20:37:31","date_gmt":"2025-05-07T23:37:31","guid":{"rendered":"https:\/\/bmsolucoesedu.com.br\/portal\/?post_type=product&#038;p=3553"},"modified":"2025-05-07T20:38:06","modified_gmt":"2025-05-07T23:38:06","slug":"gangorra-2-lugares","status":"publish","type":"product","link":"https:\/\/bmsolucoesedu.com.br\/portal\/produtos\/gangorra-2-lugares\/","title":{"rendered":"Gangorra 2 lugares"},"content":{"rendered":"<p>Gangorra 2 lugares, com estrutura em tubo de 2&#8243;parede 2mm, medindo 2830mm de comprimento, 550mm de altura, p\u00e9s em formato de U com tubo de 1 &#8220;parede 2mm, pega m\u00e3os em tubo de 1&#8243;medindo 250mm de altura e 300mm de comprimento, com assentos anat\u00f4micos em polietileno maci\u00e7o 12mm colorido.<\/p>\n","protected":false},"excerpt":{"rendered":"<p>Gangorra 2 lugares, com estrutura em tubo de 2&#8243;parede 2mm, medindo 2830mm de comprimento, 550mm de altura, p\u00e9s em formato de U com tubo de 1 &#8220;parede 2mm, pega m\u00e3os em tubo de 1&#8243;medindo 250mm de altura e 300mm de comprimento, com assentos anat\u00f4micos em polietileno maci\u00e7o 12mm colorido.<\/p>\n","protected":false},"featured_media":4062,"template":"","meta":[],"product_brand":[],"product_cat":[632],"product_tag":[1081],"class_list":{"0":"post-3553","1":"product","2":"type-product","3":"status-publish","4":"has-post-thumbnail","6":"product_cat-playgrounds","7":"product_tag-a242","8":"pa_item-277","9":"pa_lote-422","10":"pa_marca-dom-park","11":"pa_n-ata-01-2025","12":"pa_pregao-eletronico-por-registro-de-precos-no-07-2024","13":"pa_processo-licitatorio-07-2024","14":"wcpv_product_vendors-dom-park","16":"first","17":"instock","18":"shipping-taxable","19":"purchasable","20":"product-type-simple"},"_links":{"self":[{"href":"https:\/\/bmsolucoesedu.com.br\/portal\/wp-json\/wp\/v2\/product\/3553","targetHints":{"allow":["GET"]}}],"collection":[{"href":"https:\/\/bmsolucoesedu.com.br\/portal\/wp-json\/wp\/v2\/product"}],"about":[{"href":"https:\/\/bmsolucoesedu.com.br\/portal\/wp-json\/wp\/v2\/types\/product"}],"wp:featuredmedia":[{"embeddable":true,"href":"https:\/\/bmsolucoesedu.com.br\/portal\/wp-json\/wp\/v2\/media\/4062"}],"wp:attachment":[{"href":"https:\/\/bmsolucoesedu.com.br\/portal\/wp-json\/wp\/v2\/media?parent=3553"}],"wp:term":[{"taxonomy":"product_brand","embeddable":true,"href":"https:\/\/bmsolucoesedu.com.br\/portal\/wp-json\/wp\/v2\/product_brand?post=3553"},{"taxonomy":"product_cat","embeddable":true,"href":"https:\/\/bmsolucoesedu.com.br\/portal\/wp-json\/wp\/v2\/product_cat?post=3553"},{"taxonomy":"product_tag","embeddable":true,"href":"https:\/\/bmsolucoesedu.com.br\/portal\/wp-json\/wp\/v2\/product_tag?post=3553"}],"curies":[{"name":"wp","href":"https:\/\/api.w.org\/{rel}","templated":true}]}}