{"id":3550,"date":"2025-05-07T20:37:30","date_gmt":"2025-05-07T23:37:30","guid":{"rendered":"https:\/\/bmsolucoesedu.com.br\/portal\/?post_type=product&#038;p=3550"},"modified":"2025-05-07T20:38:06","modified_gmt":"2025-05-07T23:38:06","slug":"escorregador-individual","status":"publish","type":"product","link":"https:\/\/bmsolucoesedu.com.br\/portal\/produtos\/escorregador-individual\/","title":{"rendered":"Escorregador individual"},"content":{"rendered":"<p>Escorregador individual, com estrutura em tubo de 1 1\u20448&#8243;parede 1,50mm galvanizado com 2 degraus em tubo de 1~parede 1,50mm galvanizado, guarda corpo na parte superior com 700mm de altura, escorregador em polietileno rotomoldado medindo 1350mm de comprimento, 590mm de largura externa, 490mm de largura interna, m\u00ednimo 150mm de altura das abas laterais e minimo de 500mm na desacelera\u00e7\u00e3o, altura do escorregador 525mm<\/p>\n","protected":false},"excerpt":{"rendered":"<p>Escorregador individual, com estrutura em tubo de 1 1\u20448&#8243;parede 1,50mm galvanizado com 2 degraus em tubo de 1~parede 1,50mm galvanizado, guarda corpo na parte superior com 700mm de altura, escorregador em polietileno rotomoldado medindo 1350mm de comprimento, 590mm de largura externa, 490mm de largura interna, m\u00ednimo 150mm de altura das abas laterais e minimo de 500mm na desacelera\u00e7\u00e3o, altura do escorregador 525mm<\/p>\n","protected":false},"featured_media":4059,"template":"","meta":[],"product_brand":[],"product_cat":[632],"product_tag":[1081],"class_list":{"0":"post-3550","1":"product","2":"type-product","3":"status-publish","4":"has-post-thumbnail","6":"product_cat-playgrounds","7":"product_tag-a242","8":"pa_item-271","9":"pa_lote-422","10":"pa_marca-dom-park","11":"pa_n-ata-01-2025","12":"pa_pregao-eletronico-por-registro-de-precos-no-07-2024","13":"pa_processo-licitatorio-07-2024","14":"wcpv_product_vendors-dom-park","16":"first","17":"instock","18":"shipping-taxable","19":"purchasable","20":"product-type-simple"},"_links":{"self":[{"href":"https:\/\/bmsolucoesedu.com.br\/portal\/wp-json\/wp\/v2\/product\/3550","targetHints":{"allow":["GET"]}}],"collection":[{"href":"https:\/\/bmsolucoesedu.com.br\/portal\/wp-json\/wp\/v2\/product"}],"about":[{"href":"https:\/\/bmsolucoesedu.com.br\/portal\/wp-json\/wp\/v2\/types\/product"}],"wp:featuredmedia":[{"embeddable":true,"href":"https:\/\/bmsolucoesedu.com.br\/portal\/wp-json\/wp\/v2\/media\/4059"}],"wp:attachment":[{"href":"https:\/\/bmsolucoesedu.com.br\/portal\/wp-json\/wp\/v2\/media?parent=3550"}],"wp:term":[{"taxonomy":"product_brand","embeddable":true,"href":"https:\/\/bmsolucoesedu.com.br\/portal\/wp-json\/wp\/v2\/product_brand?post=3550"},{"taxonomy":"product_cat","embeddable":true,"href":"https:\/\/bmsolucoesedu.com.br\/portal\/wp-json\/wp\/v2\/product_cat?post=3550"},{"taxonomy":"product_tag","embeddable":true,"href":"https:\/\/bmsolucoesedu.com.br\/portal\/wp-json\/wp\/v2\/product_tag?post=3550"}],"curies":[{"name":"wp","href":"https:\/\/api.w.org\/{rel}","templated":true}]}}