{"id":3549,"date":"2025-05-07T20:37:30","date_gmt":"2025-05-07T23:37:30","guid":{"rendered":"https:\/\/bmsolucoesedu.com.br\/portal\/?post_type=product&#038;p=3549"},"modified":"2025-05-07T20:38:07","modified_gmt":"2025-05-07T23:38:07","slug":"casinha-para-recreacao-2","status":"publish","type":"product","link":"https:\/\/bmsolucoesedu.com.br\/portal\/produtos\/casinha-para-recreacao-2\/","title":{"rendered":"Casinha para Recrea\u00e7\u00e3o"},"content":{"rendered":"<p>Confeccionada pelo processo de rotomoldagem com aditivos antiest\u00e1ticos e UV, desenvolvida especialmente pensando na acessibilidade com entrada para portadores de cadeira de rodas com no m\u00ednimo de 15 acess\u00f3rios. CARACTERISTICAS: Telhado 2 \u00e1guas,4 janelas com abertura maxim ar,2 portas conjuntas ,1 chamin\u00e9s,1 campainha cenogr\u00e1fica ,1 jogo da velha ,1 caixa de correios, 2 mesas fixas por sistema de trava ou rosca ,1 banco com sistema de trava ou rosca,1 balc\u00e3o modular contendo: 1 pia, 1 fog\u00e3o 4 bocas,1 escorredor de pratos m 1 t\u00e1bua de carne,1 microondas,1 lava-lou\u00e7as e 1 porta talheres.<\/p>\n","protected":false},"excerpt":{"rendered":"<p>Confeccionada pelo processo de rotomoldagem com aditivos antiest\u00e1ticos e UV, desenvolvida especialmente pensando na acessibilidade com entrada para portadores de cadeira de rodas com no m\u00ednimo de 15 acess\u00f3rios. CARACTERISTICAS: Telhado 2 \u00e1guas,4 janelas com abertura maxim ar,2 portas conjuntas ,1 chamin\u00e9s,1 campainha cenogr\u00e1fica ,1 jogo da velha ,1 caixa de correios, 2 mesas fixas por sistema de trava ou rosca ,1 banco com sistema de trava ou rosca,1 balc\u00e3o modular contendo: 1 pia, 1 fog\u00e3o 4 bocas,1 escorredor de pratos m 1 t\u00e1bua de carne,1 microondas,1 lava-lou\u00e7as e 1 porta talheres.<\/p>\n","protected":false},"featured_media":4058,"template":"","meta":[],"product_brand":[],"product_cat":[632],"product_tag":[1081],"class_list":{"0":"post-3549","1":"product","2":"type-product","3":"status-publish","4":"has-post-thumbnail","6":"product_cat-playgrounds","7":"product_tag-a242","8":"pa_item-269","9":"pa_lote-422","10":"pa_marca-dom-park","11":"pa_n-ata-01-2025","12":"pa_pregao-eletronico-por-registro-de-precos-no-07-2024","13":"pa_processo-licitatorio-07-2024","14":"wcpv_product_vendors-dom-park","16":"first","17":"instock","18":"shipping-taxable","19":"purchasable","20":"product-type-simple"},"_links":{"self":[{"href":"https:\/\/bmsolucoesedu.com.br\/portal\/wp-json\/wp\/v2\/product\/3549","targetHints":{"allow":["GET"]}}],"collection":[{"href":"https:\/\/bmsolucoesedu.com.br\/portal\/wp-json\/wp\/v2\/product"}],"about":[{"href":"https:\/\/bmsolucoesedu.com.br\/portal\/wp-json\/wp\/v2\/types\/product"}],"wp:featuredmedia":[{"embeddable":true,"href":"https:\/\/bmsolucoesedu.com.br\/portal\/wp-json\/wp\/v2\/media\/4058"}],"wp:attachment":[{"href":"https:\/\/bmsolucoesedu.com.br\/portal\/wp-json\/wp\/v2\/media?parent=3549"}],"wp:term":[{"taxonomy":"product_brand","embeddable":true,"href":"https:\/\/bmsolucoesedu.com.br\/portal\/wp-json\/wp\/v2\/product_brand?post=3549"},{"taxonomy":"product_cat","embeddable":true,"href":"https:\/\/bmsolucoesedu.com.br\/portal\/wp-json\/wp\/v2\/product_cat?post=3549"},{"taxonomy":"product_tag","embeddable":true,"href":"https:\/\/bmsolucoesedu.com.br\/portal\/wp-json\/wp\/v2\/product_tag?post=3549"}],"curies":[{"name":"wp","href":"https:\/\/api.w.org\/{rel}","templated":true}]}}