{"id":3548,"date":"2025-05-07T20:37:30","date_gmt":"2025-05-07T23:37:30","guid":{"rendered":"https:\/\/bmsolucoesedu.com.br\/portal\/?post_type=product&#038;p=3548"},"modified":"2025-05-07T20:38:07","modified_gmt":"2025-05-07T23:38:07","slug":"gangorra-tripla","status":"publish","type":"product","link":"https:\/\/bmsolucoesedu.com.br\/portal\/produtos\/gangorra-tripla\/","title":{"rendered":"Gangorra Tripla"},"content":{"rendered":"<p>06 LUGARES com base de estrutura de a\u00e7o de 4 polegadas com espessura de 2.5mm com 4 eixos de fixa\u00e7\u00e3o com pintura eletrost\u00e1tica fixando as 3 unidades de gangorras em formato de dinossauro com 15 quilos cada gangorra, garantindo a resist\u00eancia com assentos e pegadores anatomicos. Fabricado pelo processo de rotomoldado com aditivos anti-estaticos uv, cada uma das tres gangorras suporta o peso distribu\u00eddo de 150 quilos, possui cortes arredondados para prote\u00e7\u00e3o das crian\u00e7as em uso. Suas dimens\u00f5es comprimento: 2.650 mm. Largura: 3.300 mm. Altura: 1.015 mm<\/p>\n","protected":false},"excerpt":{"rendered":"<p>06 LUGARES com base de estrutura de a\u00e7o de 4 polegadas com espessura de 2.5mm com 4 eixos de fixa\u00e7\u00e3o com pintura eletrost\u00e1tica fixando as 3 unidades de gangorras em formato de dinossauro com 15 quilos cada gangorra, garantindo a resist\u00eancia com assentos e pegadores anatomicos. Fabricado pelo processo de rotomoldado com aditivos anti-estaticos uv, cada uma das tres gangorras suporta o peso distribu\u00eddo de 150 quilos, possui cortes arredondados para prote\u00e7\u00e3o das crian\u00e7as em uso. Suas dimens\u00f5es comprimento: 2.650 mm. Largura: 3.300 mm. Altura: 1.015 mm<\/p>\n","protected":false},"featured_media":4057,"template":"","meta":[],"product_brand":[],"product_cat":[632],"product_tag":[1081],"class_list":{"0":"post-3548","1":"product","2":"type-product","3":"status-publish","4":"has-post-thumbnail","6":"product_cat-playgrounds","7":"product_tag-a242","8":"pa_item-428","9":"pa_lote-422","10":"pa_marca-dom-park","11":"pa_n-ata-01-2025","12":"pa_pregao-eletronico-por-registro-de-precos-no-07-2024","13":"pa_processo-licitatorio-07-2024","14":"wcpv_product_vendors-dom-park","16":"first","17":"instock","18":"shipping-taxable","19":"purchasable","20":"product-type-simple"},"_links":{"self":[{"href":"https:\/\/bmsolucoesedu.com.br\/portal\/wp-json\/wp\/v2\/product\/3548","targetHints":{"allow":["GET"]}}],"collection":[{"href":"https:\/\/bmsolucoesedu.com.br\/portal\/wp-json\/wp\/v2\/product"}],"about":[{"href":"https:\/\/bmsolucoesedu.com.br\/portal\/wp-json\/wp\/v2\/types\/product"}],"wp:featuredmedia":[{"embeddable":true,"href":"https:\/\/bmsolucoesedu.com.br\/portal\/wp-json\/wp\/v2\/media\/4057"}],"wp:attachment":[{"href":"https:\/\/bmsolucoesedu.com.br\/portal\/wp-json\/wp\/v2\/media?parent=3548"}],"wp:term":[{"taxonomy":"product_brand","embeddable":true,"href":"https:\/\/bmsolucoesedu.com.br\/portal\/wp-json\/wp\/v2\/product_brand?post=3548"},{"taxonomy":"product_cat","embeddable":true,"href":"https:\/\/bmsolucoesedu.com.br\/portal\/wp-json\/wp\/v2\/product_cat?post=3548"},{"taxonomy":"product_tag","embeddable":true,"href":"https:\/\/bmsolucoesedu.com.br\/portal\/wp-json\/wp\/v2\/product_tag?post=3548"}],"curies":[{"name":"wp","href":"https:\/\/api.w.org\/{rel}","templated":true}]}}