{"id":3547,"date":"2025-05-07T20:37:30","date_gmt":"2025-05-07T23:37:30","guid":{"rendered":"https:\/\/bmsolucoesedu.com.br\/portal\/?post_type=product&#038;p=3547"},"modified":"2025-05-07T20:38:07","modified_gmt":"2025-05-07T23:38:07","slug":"tunel-vaquinha","status":"publish","type":"product","link":"https:\/\/bmsolucoesedu.com.br\/portal\/produtos\/tunel-vaquinha\/","title":{"rendered":"T\u00fanel Vaquinha"},"content":{"rendered":"<p>Fabricado em polietileno de m\u00e9dia densidade, este t\u00fanel \u00e9 um material n\u00e3o t\u00f3xico e recicl\u00e1vel, com aditivo UV que mant\u00e9m a cor e o brilho mesmo quando exposto ao sol.<\/p>\n","protected":false},"excerpt":{"rendered":"<p>Fabricado em polietileno de m\u00e9dia densidade, este t\u00fanel \u00e9 um material n\u00e3o t\u00f3xico e recicl\u00e1vel, com aditivo UV que mant\u00e9m a cor e o brilho mesmo quando exposto ao sol.<\/p>\n","protected":false},"featured_media":4056,"template":"","meta":[],"product_brand":[],"product_cat":[632],"product_tag":[1081],"class_list":{"0":"post-3547","1":"product","2":"type-product","3":"status-publish","4":"has-post-thumbnail","6":"product_cat-playgrounds","7":"product_tag-a242","8":"pa_item-267","9":"pa_lote-422","10":"pa_marca-dom-park","11":"pa_n-ata-01-2025","12":"pa_pregao-eletronico-por-registro-de-precos-no-07-2024","13":"pa_processo-licitatorio-07-2024","14":"wcpv_product_vendors-dom-park","16":"first","17":"instock","18":"shipping-taxable","19":"purchasable","20":"product-type-simple"},"_links":{"self":[{"href":"https:\/\/bmsolucoesedu.com.br\/portal\/wp-json\/wp\/v2\/product\/3547","targetHints":{"allow":["GET"]}}],"collection":[{"href":"https:\/\/bmsolucoesedu.com.br\/portal\/wp-json\/wp\/v2\/product"}],"about":[{"href":"https:\/\/bmsolucoesedu.com.br\/portal\/wp-json\/wp\/v2\/types\/product"}],"wp:featuredmedia":[{"embeddable":true,"href":"https:\/\/bmsolucoesedu.com.br\/portal\/wp-json\/wp\/v2\/media\/4056"}],"wp:attachment":[{"href":"https:\/\/bmsolucoesedu.com.br\/portal\/wp-json\/wp\/v2\/media?parent=3547"}],"wp:term":[{"taxonomy":"product_brand","embeddable":true,"href":"https:\/\/bmsolucoesedu.com.br\/portal\/wp-json\/wp\/v2\/product_brand?post=3547"},{"taxonomy":"product_cat","embeddable":true,"href":"https:\/\/bmsolucoesedu.com.br\/portal\/wp-json\/wp\/v2\/product_cat?post=3547"},{"taxonomy":"product_tag","embeddable":true,"href":"https:\/\/bmsolucoesedu.com.br\/portal\/wp-json\/wp\/v2\/product_tag?post=3547"}],"curies":[{"name":"wp","href":"https:\/\/api.w.org\/{rel}","templated":true}]}}