{"id":3546,"date":"2025-05-07T20:37:30","date_gmt":"2025-05-07T23:37:30","guid":{"rendered":"https:\/\/bmsolucoesedu.com.br\/portal\/?post_type=product&#038;p=3546"},"modified":"2025-05-07T20:38:07","modified_gmt":"2025-05-07T23:38:07","slug":"play-modular-tubo-max-ii-com-telhado-e-balanco-acessivel","status":"publish","type":"product","link":"https:\/\/bmsolucoesedu.com.br\/portal\/produtos\/play-modular-tubo-max-ii-com-telhado-e-balanco-acessivel\/","title":{"rendered":"Play Modular Tubo Max II com Telhado e Balan\u00e7o Acess\u00edvel"},"content":{"rendered":"<p>Playground produzido em polietileno rotomoldado, com aditivos UV. Medidas aproximadas \u00e9 Composto por 2 torres e balan\u00e7o. Cada torre \u00e9 formada por:\u2022 3 paredes de 4mm;\u2022 plataforma de sustenta\u00e7\u00e3o triangular com piso antiderrapante e ranhuras para evitar o acumulo de \u00e1gua; \u2022 telhado triangular medindo aproximadamente 1.440 mm de comprimento x 1.370 mm de largura x 470 mm de altura com 3 bases de apoio\u2022 1 suporte anti impacto ligado a pe\u00e7a.<\/p>\n","protected":false},"excerpt":{"rendered":"<p>Playground produzido em polietileno rotomoldado, com aditivos UV. Medidas aproximadas \u00e9 Composto por 2 torres e balan\u00e7o. Cada torre \u00e9 formada por:\u2022 3 paredes de 4mm;\u2022 plataforma de sustenta\u00e7\u00e3o triangular com piso antiderrapante e ranhuras para evitar o acumulo de \u00e1gua; \u2022 telhado triangular medindo aproximadamente 1.440 mm de comprimento x 1.370 mm de largura x 470 mm de altura com 3 bases de apoio\u2022 1 suporte anti impacto ligado a pe\u00e7a.<\/p>\n","protected":false},"featured_media":4055,"template":"","meta":[],"product_brand":[],"product_cat":[632],"product_tag":[1081],"class_list":{"0":"post-3546","1":"product","2":"type-product","3":"status-publish","4":"has-post-thumbnail","6":"product_cat-playgrounds","7":"product_tag-a242","8":"pa_item-265","9":"pa_lote-422","10":"pa_marca-dom-park","11":"pa_n-ata-01-2025","12":"pa_pregao-eletronico-por-registro-de-precos-no-07-2024","13":"pa_processo-licitatorio-07-2024","14":"wcpv_product_vendors-dom-park","16":"first","17":"instock","18":"shipping-taxable","19":"purchasable","20":"product-type-simple"},"_links":{"self":[{"href":"https:\/\/bmsolucoesedu.com.br\/portal\/wp-json\/wp\/v2\/product\/3546","targetHints":{"allow":["GET"]}}],"collection":[{"href":"https:\/\/bmsolucoesedu.com.br\/portal\/wp-json\/wp\/v2\/product"}],"about":[{"href":"https:\/\/bmsolucoesedu.com.br\/portal\/wp-json\/wp\/v2\/types\/product"}],"wp:featuredmedia":[{"embeddable":true,"href":"https:\/\/bmsolucoesedu.com.br\/portal\/wp-json\/wp\/v2\/media\/4055"}],"wp:attachment":[{"href":"https:\/\/bmsolucoesedu.com.br\/portal\/wp-json\/wp\/v2\/media?parent=3546"}],"wp:term":[{"taxonomy":"product_brand","embeddable":true,"href":"https:\/\/bmsolucoesedu.com.br\/portal\/wp-json\/wp\/v2\/product_brand?post=3546"},{"taxonomy":"product_cat","embeddable":true,"href":"https:\/\/bmsolucoesedu.com.br\/portal\/wp-json\/wp\/v2\/product_cat?post=3546"},{"taxonomy":"product_tag","embeddable":true,"href":"https:\/\/bmsolucoesedu.com.br\/portal\/wp-json\/wp\/v2\/product_tag?post=3546"}],"curies":[{"name":"wp","href":"https:\/\/api.w.org\/{rel}","templated":true}]}}