{"id":3545,"date":"2025-05-07T20:37:30","date_gmt":"2025-05-07T23:37:30","guid":{"rendered":"https:\/\/bmsolucoesedu.com.br\/portal\/?post_type=product&#038;p=3545"},"modified":"2025-05-07T20:38:07","modified_gmt":"2025-05-07T23:38:07","slug":"play-modular-big-climber-ii","status":"publish","type":"product","link":"https:\/\/bmsolucoesedu.com.br\/portal\/produtos\/play-modular-big-climber-ii\/","title":{"rendered":"Play Modular Big Climber II"},"content":{"rendered":"<p>Com Ponte e Telhados \u2013Playground confeccionado em rotomoldado com paredes de quatro mil\u00edmetros de Polietileno virgem de alta densidade, tratado especialmente contra a a\u00e7\u00e3o dos raios ultravioletas, foi totalmente desenvolvido para ser montado sem a necessidade de parafusos devido aos encaixes de alta precis\u00e3o. , composto por 2 torres com paredes de 4mm.<\/p>\n","protected":false},"excerpt":{"rendered":"<p>Com Ponte e Telhados \u2013Playground confeccionado em rotomoldado com paredes de quatro mil\u00edmetros de Polietileno virgem de alta densidade, tratado especialmente contra a a\u00e7\u00e3o dos raios ultravioletas, foi totalmente desenvolvido para ser montado sem a necessidade de parafusos devido aos encaixes de alta precis\u00e3o. , composto por 2 torres com paredes de 4mm.<\/p>\n","protected":false},"featured_media":3896,"template":"","meta":[],"product_brand":[],"product_cat":[632],"product_tag":[1081],"class_list":{"0":"post-3545","1":"product","2":"type-product","3":"status-publish","4":"has-post-thumbnail","6":"product_cat-playgrounds","7":"product_tag-a242","8":"pa_item-263","9":"pa_lote-422","10":"pa_marca-dom-park","11":"pa_n-ata-01-2025","12":"pa_pregao-eletronico-por-registro-de-precos-no-07-2024","13":"pa_processo-licitatorio-07-2024","14":"wcpv_product_vendors-dom-park","16":"first","17":"instock","18":"shipping-taxable","19":"purchasable","20":"product-type-simple"},"_links":{"self":[{"href":"https:\/\/bmsolucoesedu.com.br\/portal\/wp-json\/wp\/v2\/product\/3545","targetHints":{"allow":["GET"]}}],"collection":[{"href":"https:\/\/bmsolucoesedu.com.br\/portal\/wp-json\/wp\/v2\/product"}],"about":[{"href":"https:\/\/bmsolucoesedu.com.br\/portal\/wp-json\/wp\/v2\/types\/product"}],"wp:featuredmedia":[{"embeddable":true,"href":"https:\/\/bmsolucoesedu.com.br\/portal\/wp-json\/wp\/v2\/media\/3896"}],"wp:attachment":[{"href":"https:\/\/bmsolucoesedu.com.br\/portal\/wp-json\/wp\/v2\/media?parent=3545"}],"wp:term":[{"taxonomy":"product_brand","embeddable":true,"href":"https:\/\/bmsolucoesedu.com.br\/portal\/wp-json\/wp\/v2\/product_brand?post=3545"},{"taxonomy":"product_cat","embeddable":true,"href":"https:\/\/bmsolucoesedu.com.br\/portal\/wp-json\/wp\/v2\/product_cat?post=3545"},{"taxonomy":"product_tag","embeddable":true,"href":"https:\/\/bmsolucoesedu.com.br\/portal\/wp-json\/wp\/v2\/product_tag?post=3545"}],"curies":[{"name":"wp","href":"https:\/\/api.w.org\/{rel}","templated":true}]}}