{"id":3543,"date":"2025-05-07T20:37:30","date_gmt":"2025-05-07T23:37:30","guid":{"rendered":"https:\/\/bmsolucoesedu.com.br\/portal\/?post_type=product&#038;p=3543"},"modified":"2025-05-07T20:38:08","modified_gmt":"2025-05-07T23:38:08","slug":"big-castelo-acessivel","status":"publish","type":"product","link":"https:\/\/bmsolucoesedu.com.br\/portal\/produtos\/big-castelo-acessivel\/","title":{"rendered":"Big Castelo Acess\u00edvel"},"content":{"rendered":"<p>Portaria 369\/07- Certificado pelo INMETRO. NABRE BRINQUEDOS 60 R$ 22.500,00 R$ 1.350.000,00 09 Big Castelo Acess\u00edvel &#8211; Playground Confeccionado em pl\u00e1stico rotomoldado, com aditivos antiest\u00e1ticos e anti-uv que protege contra os efeitos de raios solares garantindo a durabilidade e a cor original do produto.<\/p>\n","protected":false},"excerpt":{"rendered":"<p>Portaria 369\/07- Certificado pelo INMETRO. NABRE BRINQUEDOS 60 R$ 22.500,00 R$ 1.350.000,00 09 Big Castelo Acess\u00edvel &#8211; Playground Confeccionado em pl\u00e1stico rotomoldado, com aditivos antiest\u00e1ticos e anti-uv que protege contra os efeitos de raios solares garantindo a durabilidade e a cor original do produto.<\/p>\n","protected":false},"featured_media":3894,"template":"","meta":[],"product_brand":[],"product_cat":[632],"product_tag":[1081],"class_list":{"0":"post-3543","1":"product","2":"type-product","3":"status-publish","4":"has-post-thumbnail","6":"product_cat-playgrounds","7":"product_tag-a242","8":"pa_item-259","9":"pa_lote-422","10":"pa_marca-dom-park","11":"pa_n-ata-01-2025","12":"pa_pregao-eletronico-por-registro-de-precos-no-07-2024","13":"pa_processo-licitatorio-07-2024","14":"wcpv_product_vendors-dom-park","16":"first","17":"instock","18":"shipping-taxable","19":"purchasable","20":"product-type-simple"},"_links":{"self":[{"href":"https:\/\/bmsolucoesedu.com.br\/portal\/wp-json\/wp\/v2\/product\/3543","targetHints":{"allow":["GET"]}}],"collection":[{"href":"https:\/\/bmsolucoesedu.com.br\/portal\/wp-json\/wp\/v2\/product"}],"about":[{"href":"https:\/\/bmsolucoesedu.com.br\/portal\/wp-json\/wp\/v2\/types\/product"}],"wp:featuredmedia":[{"embeddable":true,"href":"https:\/\/bmsolucoesedu.com.br\/portal\/wp-json\/wp\/v2\/media\/3894"}],"wp:attachment":[{"href":"https:\/\/bmsolucoesedu.com.br\/portal\/wp-json\/wp\/v2\/media?parent=3543"}],"wp:term":[{"taxonomy":"product_brand","embeddable":true,"href":"https:\/\/bmsolucoesedu.com.br\/portal\/wp-json\/wp\/v2\/product_brand?post=3543"},{"taxonomy":"product_cat","embeddable":true,"href":"https:\/\/bmsolucoesedu.com.br\/portal\/wp-json\/wp\/v2\/product_cat?post=3543"},{"taxonomy":"product_tag","embeddable":true,"href":"https:\/\/bmsolucoesedu.com.br\/portal\/wp-json\/wp\/v2\/product_tag?post=3543"}],"curies":[{"name":"wp","href":"https:\/\/api.w.org\/{rel}","templated":true}]}}