{"id":3536,"date":"2025-05-07T20:26:36","date_gmt":"2025-05-07T23:26:36","guid":{"rendered":"https:\/\/bmsolucoesedu.com.br\/portal\/?post_type=product&#038;p=3536"},"modified":"2025-05-07T20:35:44","modified_gmt":"2025-05-07T23:35:44","slug":"playground-com-atividades-para-escolas-pracas","status":"publish","type":"product","link":"https:\/\/bmsolucoesedu.com.br\/portal\/produtos\/playground-com-atividades-para-escolas-pracas\/","title":{"rendered":"Playground com atividades para escolas\/pra\u00e7as"},"content":{"rendered":"<p>Estrutura principal, em a\u00e7o galvanizado 80x80mm parede 1,20mm, com pintura eletrost\u00e1tica na cor cinza, comprimento de acordo com as alturas com certificado de conformidade com as normas da Associa\u00e7\u00e3o Brasileira de Normas T\u00e9cnicas (ABNT), comprovando que o produto a ser entregue atende as normas t\u00e9cnicas da ABNT e NBR 16.071<\/p>\n","protected":false},"excerpt":{"rendered":"<p>Estrutura principal, em a\u00e7o galvanizado 80x80mm parede 1,20mm, com pintura eletrost\u00e1tica na cor cinza, comprimento de acordo com as alturas com certificado de conformidade com as normas da Associa\u00e7\u00e3o Brasileira de Normas T\u00e9cnicas (ABNT), comprovando que o produto a ser entregue atende as normas t\u00e9cnicas da ABNT e NBR 16.071<\/p>\n","protected":false},"featured_media":3888,"template":"","meta":[],"product_brand":[],"product_cat":[632],"product_tag":[1081],"class_list":{"0":"post-3536","1":"product","2":"type-product","3":"status-publish","4":"has-post-thumbnail","6":"product_cat-playgrounds","7":"product_tag-a242","8":"pa_item-224","9":"pa_lote-422","10":"pa_marca-dom-park","11":"pa_n-ata-01-2025","12":"pa_pregao-eletronico-por-registro-de-precos-no-07-2024","13":"pa_processo-licitatorio-07-2024","14":"wcpv_product_vendors-dom-park","16":"first","17":"instock","18":"shipping-taxable","19":"purchasable","20":"product-type-simple"},"_links":{"self":[{"href":"https:\/\/bmsolucoesedu.com.br\/portal\/wp-json\/wp\/v2\/product\/3536","targetHints":{"allow":["GET"]}}],"collection":[{"href":"https:\/\/bmsolucoesedu.com.br\/portal\/wp-json\/wp\/v2\/product"}],"about":[{"href":"https:\/\/bmsolucoesedu.com.br\/portal\/wp-json\/wp\/v2\/types\/product"}],"wp:featuredmedia":[{"embeddable":true,"href":"https:\/\/bmsolucoesedu.com.br\/portal\/wp-json\/wp\/v2\/media\/3888"}],"wp:attachment":[{"href":"https:\/\/bmsolucoesedu.com.br\/portal\/wp-json\/wp\/v2\/media?parent=3536"}],"wp:term":[{"taxonomy":"product_brand","embeddable":true,"href":"https:\/\/bmsolucoesedu.com.br\/portal\/wp-json\/wp\/v2\/product_brand?post=3536"},{"taxonomy":"product_cat","embeddable":true,"href":"https:\/\/bmsolucoesedu.com.br\/portal\/wp-json\/wp\/v2\/product_cat?post=3536"},{"taxonomy":"product_tag","embeddable":true,"href":"https:\/\/bmsolucoesedu.com.br\/portal\/wp-json\/wp\/v2\/product_tag?post=3536"}],"curies":[{"name":"wp","href":"https:\/\/api.w.org\/{rel}","templated":true}]}}