{"id":3271,"date":"2025-04-26T16:08:42","date_gmt":"2025-04-26T19:08:42","guid":{"rendered":"https:\/\/bmsolucoesedu.com.br\/portal\/?post_type=product&#038;p=3271"},"modified":"2025-08-29T09:37:52","modified_gmt":"2025-08-29T12:37:52","slug":"maxi-impresso-el-basico-eu-posso-creche-i","status":"publish","type":"product","link":"https:\/\/bmsolucoesedu.com.br\/portal\/produtos\/maxi-impresso-el-basico-eu-posso-creche-i\/","title":{"rendered":"MAXI &#8211; Impresso &#8211; El &#8211; B\u00e1sico &#8211; EU POSSO! &#8211; Creche I"},"content":{"rendered":"<p>Esta cole\u00e7\u00e3o se prop\u00f5e a auxiliar a rotina de beb\u00eas e crian\u00e7as bem pequenas em creches, indicando atividades dirigidas e comprometidas com objetivos definidos, assim como recomenda momentos de brincadeiras, que tamb\u00e9m trazem aprendizados e benef\u00edcios a eles. A obra busca contribuir com pr\u00e1ticas pedag\u00f3gicas, partindo dos conceitos de cuidar, educar e brincar para apresentar caminhos \u00e0 integra\u00e7\u00e3o entre creche e fam\u00edlia e ao desenvolvimento integral dos pequenos.<\/p>\n","protected":false},"excerpt":{"rendered":"<p>Esta cole\u00e7\u00e3o se prop\u00f5e a auxiliar a rotina de beb\u00eas e crian\u00e7as bem pequenas em creches, indicando atividades dirigidas e comprometidas com objetivos definidos, assim como recomenda momentos de brincadeiras, que tamb\u00e9m trazem aprendizados e benef\u00edcios a eles. A obra busca contribuir com pr\u00e1ticas pedag\u00f3gicas, partindo dos conceitos de cuidar, educar e brincar para apresentar caminhos \u00e0 integra\u00e7\u00e3o entre creche e fam\u00edlia e ao desenvolvimento integral dos pequenos.<\/p>\n","protected":false},"featured_media":5757,"template":"","meta":[],"product_brand":[],"product_cat":[967],"product_tag":[972,211],"class_list":{"0":"post-3271","1":"product","2":"type-product","3":"status-publish","4":"has-post-thumbnail","6":"product_cat-material-didatico","7":"product_tag-i106","8":"product_tag-inex","9":"pa_item-i106","10":"pa_marca-saber","11":"pa_n-ata-i106","12":"wcpv_product_vendors-saber-educacao","14":"first","15":"instock","16":"shipping-taxable","17":"purchasable","18":"product-type-simple"},"_links":{"self":[{"href":"https:\/\/bmsolucoesedu.com.br\/portal\/wp-json\/wp\/v2\/product\/3271","targetHints":{"allow":["GET"]}}],"collection":[{"href":"https:\/\/bmsolucoesedu.com.br\/portal\/wp-json\/wp\/v2\/product"}],"about":[{"href":"https:\/\/bmsolucoesedu.com.br\/portal\/wp-json\/wp\/v2\/types\/product"}],"wp:featuredmedia":[{"embeddable":true,"href":"https:\/\/bmsolucoesedu.com.br\/portal\/wp-json\/wp\/v2\/media\/5757"}],"wp:attachment":[{"href":"https:\/\/bmsolucoesedu.com.br\/portal\/wp-json\/wp\/v2\/media?parent=3271"}],"wp:term":[{"taxonomy":"product_brand","embeddable":true,"href":"https:\/\/bmsolucoesedu.com.br\/portal\/wp-json\/wp\/v2\/product_brand?post=3271"},{"taxonomy":"product_cat","embeddable":true,"href":"https:\/\/bmsolucoesedu.com.br\/portal\/wp-json\/wp\/v2\/product_cat?post=3271"},{"taxonomy":"product_tag","embeddable":true,"href":"https:\/\/bmsolucoesedu.com.br\/portal\/wp-json\/wp\/v2\/product_tag?post=3271"}],"curies":[{"name":"wp","href":"https:\/\/api.w.org\/{rel}","templated":true}]}}