{"id":3262,"date":"2025-03-07T16:58:15","date_gmt":"2025-03-07T19:58:15","guid":{"rendered":"https:\/\/bmsolucoesedu.com.br\/portal\/?post_type=product&#038;p=3262"},"modified":"2025-08-29T09:31:49","modified_gmt":"2025-08-29T12:31:49","slug":"saeb-acerta-brasil-essencial","status":"publish","type":"product","link":"https:\/\/bmsolucoesedu.com.br\/portal\/produtos\/saeb-acerta-brasil-essencial\/","title":{"rendered":"SAEB &#8211; ACERTA BRASIL &#8211; ESSENCIAL"},"content":{"rendered":"<p>A cole\u00e7\u00e3o Acerta Brasil oferece recursos para a revis\u00e3o e o aprofundamento de conte\u00fados e habilidades desenvolvidas na Educa\u00e7\u00e3o B\u00e1sica. Apresenta quest\u00f5es atualizadas, alinhadas coma Base Nacional Comum Curricular (BNCC) e auxilia professores a acompanhar o desenvolvimento dos estudantes e a desenvolver estrat\u00e9gias pedag\u00f3gicas mais eficientes. O Acerta Brasil Essencial oferece conte\u00fados de Portugu\u00eas e Matem\u00e1tica<\/p>\n","protected":false},"excerpt":{"rendered":"<p>A cole\u00e7\u00e3o Acerta Brasil oferece recursos para a revis\u00e3o e o aprofundamento de conte\u00fados e habilidades desenvolvidas na Educa\u00e7\u00e3o B\u00e1sica. Apresenta quest\u00f5es atualizadas, alinhadas coma Base Nacional Comum Curricular (BNCC) e auxilia professores a acompanhar o desenvolvimento dos estudantes e a desenvolver estrat\u00e9gias pedag\u00f3gicas mais eficientes. O Acerta Brasil Essencial oferece conte\u00fados de Portugu\u00eas e Matem\u00e1tica<\/p>\n","protected":false},"featured_media":3263,"template":"","meta":[],"product_brand":[],"product_cat":[967],"product_tag":[968,211],"class_list":{"0":"post-3262","1":"product","2":"type-product","3":"status-publish","4":"has-post-thumbnail","6":"product_cat-material-didatico","7":"product_tag-i132","8":"product_tag-inex","9":"pa_item-i132","10":"pa_marca-saber","11":"pa_n-ata-i132","12":"wcpv_product_vendors-saber-educacao","14":"first","15":"instock","16":"shipping-taxable","17":"purchasable","18":"product-type-simple"},"_links":{"self":[{"href":"https:\/\/bmsolucoesedu.com.br\/portal\/wp-json\/wp\/v2\/product\/3262","targetHints":{"allow":["GET"]}}],"collection":[{"href":"https:\/\/bmsolucoesedu.com.br\/portal\/wp-json\/wp\/v2\/product"}],"about":[{"href":"https:\/\/bmsolucoesedu.com.br\/portal\/wp-json\/wp\/v2\/types\/product"}],"wp:featuredmedia":[{"embeddable":true,"href":"https:\/\/bmsolucoesedu.com.br\/portal\/wp-json\/wp\/v2\/media\/3263"}],"wp:attachment":[{"href":"https:\/\/bmsolucoesedu.com.br\/portal\/wp-json\/wp\/v2\/media?parent=3262"}],"wp:term":[{"taxonomy":"product_brand","embeddable":true,"href":"https:\/\/bmsolucoesedu.com.br\/portal\/wp-json\/wp\/v2\/product_brand?post=3262"},{"taxonomy":"product_cat","embeddable":true,"href":"https:\/\/bmsolucoesedu.com.br\/portal\/wp-json\/wp\/v2\/product_cat?post=3262"},{"taxonomy":"product_tag","embeddable":true,"href":"https:\/\/bmsolucoesedu.com.br\/portal\/wp-json\/wp\/v2\/product_tag?post=3262"}],"curies":[{"name":"wp","href":"https:\/\/api.w.org\/{rel}","templated":true}]}}