{"id":3145,"date":"2025-03-06T06:52:34","date_gmt":"2025-03-06T09:52:34","guid":{"rendered":"https:\/\/bmsolucoesedu.com.br\/portal\/?post_type=product&#038;p=3145"},"modified":"2025-03-06T06:53:16","modified_gmt":"2025-03-06T09:53:16","slug":"tesoura-escolar","status":"publish","type":"product","link":"https:\/\/bmsolucoesedu.com.br\/portal\/produtos\/tesoura-escolar\/","title":{"rendered":"Tesoura Escolar"},"content":{"rendered":"<p>Ponta arredondada com l\u00e2minas de a\u00e7o, cabo 100% polipropileno e l\u00e2mina de corte produzida em a\u00e7o inoxid\u00e1vel, espessura m\u00ednima de chapa: 1,2 mm. A tesoura deve possuir corte limpo e eficiente, devendo vir afiada de f\u00e1brica. Os olhais da tesoura devem ter formato anat\u00f4mico, l\u00e2minas fixadas por meio de parafuso met\u00e1lico ou outro sistema de fixa\u00e7\u00e3o que assegure perfeito ajuste entre as l\u00e2minas, sem folgas e sem preju\u00edzo a sua fun\u00e7\u00e3o. A marca do fabricante deve ser gravada no corpo do produto, medida de 5\u201d (polegadas).<\/p>\n","protected":false},"excerpt":{"rendered":"<p>Ponta arredondada com l\u00e2minas de a\u00e7o, cabo 100% polipropileno e l\u00e2mina de corte produzida em a\u00e7o inoxid\u00e1vel, espessura m\u00ednima de chapa: 1,2 mm. A tesoura deve possuir corte limpo e eficiente, devendo vir afiada de f\u00e1brica. Os olhais da tesoura devem ter formato anat\u00f4mico, l\u00e2minas fixadas por meio de parafuso met\u00e1lico ou outro sistema de fixa\u00e7\u00e3o que assegure perfeito ajuste entre as l\u00e2minas, sem folgas e sem preju\u00edzo a sua fun\u00e7\u00e3o. A marca do fabricante deve ser gravada no corpo do produto, medida de 5\u201d (polegadas).<\/p>\n","protected":false},"featured_media":4164,"template":"","meta":[],"product_brand":[],"product_cat":[868],"product_tag":[924],"class_list":{"0":"post-3145","1":"product","2":"type-product","3":"status-publish","4":"has-post-thumbnail","6":"product_cat-material-escolar","7":"product_tag-a229","8":"pa_item-285","9":"pa_lote-422","10":"pa_marca-marca-propria","11":"pa_n-ata-069-2024","12":"pa_pregao-eletronico-por-registro-de-precos-no-309-2024","13":"pa_processo-licitatorio-24-0-000054617-4","14":"wcpv_product_vendors-brasil-comercio-e-distribuidora-ltda","16":"first","17":"instock","18":"shipping-taxable","19":"purchasable","20":"product-type-simple"},"_links":{"self":[{"href":"https:\/\/bmsolucoesedu.com.br\/portal\/wp-json\/wp\/v2\/product\/3145","targetHints":{"allow":["GET"]}}],"collection":[{"href":"https:\/\/bmsolucoesedu.com.br\/portal\/wp-json\/wp\/v2\/product"}],"about":[{"href":"https:\/\/bmsolucoesedu.com.br\/portal\/wp-json\/wp\/v2\/types\/product"}],"wp:featuredmedia":[{"embeddable":true,"href":"https:\/\/bmsolucoesedu.com.br\/portal\/wp-json\/wp\/v2\/media\/4164"}],"wp:attachment":[{"href":"https:\/\/bmsolucoesedu.com.br\/portal\/wp-json\/wp\/v2\/media?parent=3145"}],"wp:term":[{"taxonomy":"product_brand","embeddable":true,"href":"https:\/\/bmsolucoesedu.com.br\/portal\/wp-json\/wp\/v2\/product_brand?post=3145"},{"taxonomy":"product_cat","embeddable":true,"href":"https:\/\/bmsolucoesedu.com.br\/portal\/wp-json\/wp\/v2\/product_cat?post=3145"},{"taxonomy":"product_tag","embeddable":true,"href":"https:\/\/bmsolucoesedu.com.br\/portal\/wp-json\/wp\/v2\/product_tag?post=3145"}],"curies":[{"name":"wp","href":"https:\/\/api.w.org\/{rel}","templated":true}]}}