{"id":3138,"date":"2025-03-06T06:52:33","date_gmt":"2025-03-06T09:52:33","guid":{"rendered":"https:\/\/bmsolucoesedu.com.br\/portal\/?post_type=product&#038;p=3138"},"modified":"2025-03-06T06:53:17","modified_gmt":"2025-03-06T09:53:17","slug":"massa-para-fazer-modelagem","status":"publish","type":"product","link":"https:\/\/bmsolucoesedu.com.br\/portal\/produtos\/massa-para-fazer-modelagem\/","title":{"rendered":"Massa para fazer modelagem"},"content":{"rendered":"<p>Super macia, caixa com 12 cores sortidas, 180 gramas, a base de carboidratos de cereais, \u00e1gua, gl\u00faten, cloreto de s\u00f3dio, aroma, aditivos e pigmentos. Cores vivas e misc\u00edveis, que n\u00e3o esfarela. Produto at\u00f3xico. Indicada para crian\u00e7a a partir de 03 anos de idade.<\/p>\n","protected":false},"excerpt":{"rendered":"<p>Super macia, caixa com 12 cores sortidas, 180 gramas, a base de carboidratos de cereais, \u00e1gua, gl\u00faten, cloreto de s\u00f3dio, aroma, aditivos e pigmentos. Cores vivas e misc\u00edveis, que n\u00e3o esfarela. Produto at\u00f3xico. Indicada para crian\u00e7a a partir de 03 anos de idade.<\/p>\n","protected":false},"featured_media":4157,"template":"","meta":[],"product_brand":[],"product_cat":[868],"product_tag":[924],"class_list":{"0":"post-3138","1":"product","2":"type-product","3":"status-publish","4":"has-post-thumbnail","6":"product_cat-material-escolar","7":"product_tag-a229","8":"pa_item-271","9":"pa_lote-422","10":"pa_marca-marca-propria","11":"pa_n-ata-069-2024","12":"pa_pregao-eletronico-por-registro-de-precos-no-309-2024","13":"pa_processo-licitatorio-24-0-000054617-4","14":"wcpv_product_vendors-brasil-comercio-e-distribuidora-ltda","16":"first","17":"instock","18":"shipping-taxable","19":"purchasable","20":"product-type-simple"},"_links":{"self":[{"href":"https:\/\/bmsolucoesedu.com.br\/portal\/wp-json\/wp\/v2\/product\/3138","targetHints":{"allow":["GET"]}}],"collection":[{"href":"https:\/\/bmsolucoesedu.com.br\/portal\/wp-json\/wp\/v2\/product"}],"about":[{"href":"https:\/\/bmsolucoesedu.com.br\/portal\/wp-json\/wp\/v2\/types\/product"}],"wp:featuredmedia":[{"embeddable":true,"href":"https:\/\/bmsolucoesedu.com.br\/portal\/wp-json\/wp\/v2\/media\/4157"}],"wp:attachment":[{"href":"https:\/\/bmsolucoesedu.com.br\/portal\/wp-json\/wp\/v2\/media?parent=3138"}],"wp:term":[{"taxonomy":"product_brand","embeddable":true,"href":"https:\/\/bmsolucoesedu.com.br\/portal\/wp-json\/wp\/v2\/product_brand?post=3138"},{"taxonomy":"product_cat","embeddable":true,"href":"https:\/\/bmsolucoesedu.com.br\/portal\/wp-json\/wp\/v2\/product_cat?post=3138"},{"taxonomy":"product_tag","embeddable":true,"href":"https:\/\/bmsolucoesedu.com.br\/portal\/wp-json\/wp\/v2\/product_tag?post=3138"}],"curies":[{"name":"wp","href":"https:\/\/api.w.org\/{rel}","templated":true}]}}