{"id":3135,"date":"2025-03-06T06:52:33","date_gmt":"2025-03-06T09:52:33","guid":{"rendered":"https:\/\/bmsolucoesedu.com.br\/portal\/?post_type=product&#038;p=3135"},"modified":"2025-03-06T06:53:17","modified_gmt":"2025-03-06T09:53:17","slug":"gizao-de-cera","status":"publish","type":"product","link":"https:\/\/bmsolucoesedu.com.br\/portal\/produtos\/gizao-de-cera\/","title":{"rendered":"Giz\u00e3o de cera"},"content":{"rendered":"<p>Caixa com 12 unidades, formato anat\u00f4mico medindo 100 mm de altura e 10,8 mm de espessura, para crian\u00e7as, devendo n\u00e3o manchar as m\u00e3os, ter superf\u00edcie lisa e uniforme, isenta de defeitos e deforma\u00e7\u00f5es e ser confeccionado com ceras n\u00e3o t\u00f3xica e pigmenta\u00e7\u00e3o homog\u00eanea, peso l\u00edquido m\u00ednimo 125g. Embalagem em papel cart\u00e3o de boa qualidade, contendo janela frontal, deve conter verso dados do fabricante, dados do produto, espa\u00e7o para nome e venda proibida.<\/p>\n","protected":false},"excerpt":{"rendered":"<p>Caixa com 12 unidades, formato anat\u00f4mico medindo 100 mm de altura e 10,8 mm de espessura, para crian\u00e7as, devendo n\u00e3o manchar as m\u00e3os, ter superf\u00edcie lisa e uniforme, isenta de defeitos e deforma\u00e7\u00f5es e ser confeccionado com ceras n\u00e3o t\u00f3xica e pigmenta\u00e7\u00e3o homog\u00eanea, peso l\u00edquido m\u00ednimo 125g. Embalagem em papel cart\u00e3o de boa qualidade, contendo janela frontal, deve conter verso dados do fabricante, dados do produto, espa\u00e7o para nome e venda proibida.<\/p>\n","protected":false},"featured_media":4154,"template":"","meta":[],"product_brand":[],"product_cat":[868],"product_tag":[924],"class_list":{"0":"post-3135","1":"product","2":"type-product","3":"status-publish","4":"has-post-thumbnail","6":"product_cat-material-escolar","7":"product_tag-a229","8":"pa_item-267","9":"pa_lote-422","10":"pa_marca-marca-propria","11":"pa_n-ata-069-2024","12":"pa_pregao-eletronico-por-registro-de-precos-no-309-2024","13":"pa_processo-licitatorio-24-0-000054617-4","14":"wcpv_product_vendors-brasil-comercio-e-distribuidora-ltda","16":"first","17":"instock","18":"shipping-taxable","19":"purchasable","20":"product-type-simple"},"_links":{"self":[{"href":"https:\/\/bmsolucoesedu.com.br\/portal\/wp-json\/wp\/v2\/product\/3135","targetHints":{"allow":["GET"]}}],"collection":[{"href":"https:\/\/bmsolucoesedu.com.br\/portal\/wp-json\/wp\/v2\/product"}],"about":[{"href":"https:\/\/bmsolucoesedu.com.br\/portal\/wp-json\/wp\/v2\/types\/product"}],"wp:featuredmedia":[{"embeddable":true,"href":"https:\/\/bmsolucoesedu.com.br\/portal\/wp-json\/wp\/v2\/media\/4154"}],"wp:attachment":[{"href":"https:\/\/bmsolucoesedu.com.br\/portal\/wp-json\/wp\/v2\/media?parent=3135"}],"wp:term":[{"taxonomy":"product_brand","embeddable":true,"href":"https:\/\/bmsolucoesedu.com.br\/portal\/wp-json\/wp\/v2\/product_brand?post=3135"},{"taxonomy":"product_cat","embeddable":true,"href":"https:\/\/bmsolucoesedu.com.br\/portal\/wp-json\/wp\/v2\/product_cat?post=3135"},{"taxonomy":"product_tag","embeddable":true,"href":"https:\/\/bmsolucoesedu.com.br\/portal\/wp-json\/wp\/v2\/product_tag?post=3135"}],"curies":[{"name":"wp","href":"https:\/\/api.w.org\/{rel}","templated":true}]}}