{"id":3134,"date":"2025-03-06T06:52:33","date_gmt":"2025-03-06T09:52:33","guid":{"rendered":"https:\/\/bmsolucoesedu.com.br\/portal\/?post_type=product&#038;p=3134"},"modified":"2025-03-06T06:53:17","modified_gmt":"2025-03-06T09:53:17","slug":"estojo-em-pvc-com-ziper","status":"publish","type":"product","link":"https:\/\/bmsolucoesedu.com.br\/portal\/produtos\/estojo-em-pvc-com-ziper\/","title":{"rendered":"Estojo em PVC com z\u00edper"},"content":{"rendered":"<p>Personalizado em silkscreen com a logomarca e o bras\u00e3o do Munic\u00edpio de Canoas, contendo motivos infantis. Gramatura m\u00ednima 250g\/m\u00b2, espessura m\u00ednima de 0,30 mm,abras\u00e3o com 6.000 ciclos sem desgaste, resist\u00eancia a tra\u00e7\u00e3o de no m\u00ednimo 35kgf.  Medidas: 200 mm x 60 mm x 60 mm.<\/p>\n","protected":false},"excerpt":{"rendered":"<p>Personalizado em silkscreen com a logomarca e o bras\u00e3o do Munic\u00edpio de Canoas, contendo motivos infantis. Gramatura m\u00ednima 250g\/m\u00b2, espessura m\u00ednima de 0,30 mm,abras\u00e3o com 6.000 ciclos sem desgaste, resist\u00eancia a tra\u00e7\u00e3o de no m\u00ednimo 35kgf.  Medidas: 200 mm x 60 mm x 60 mm.<\/p>\n","protected":false},"featured_media":4153,"template":"","meta":[],"product_brand":[],"product_cat":[868],"product_tag":[924],"class_list":{"0":"post-3134","1":"product","2":"type-product","3":"status-publish","4":"has-post-thumbnail","6":"product_cat-material-escolar","7":"product_tag-a229","8":"pa_item-265","9":"pa_lote-422","10":"pa_marca-marca-propria","11":"pa_n-ata-069-2024","12":"pa_pregao-eletronico-por-registro-de-precos-no-309-2024","13":"pa_processo-licitatorio-24-0-000054617-4","14":"wcpv_product_vendors-brasil-comercio-e-distribuidora-ltda","16":"first","17":"instock","18":"shipping-taxable","19":"purchasable","20":"product-type-simple"},"_links":{"self":[{"href":"https:\/\/bmsolucoesedu.com.br\/portal\/wp-json\/wp\/v2\/product\/3134","targetHints":{"allow":["GET"]}}],"collection":[{"href":"https:\/\/bmsolucoesedu.com.br\/portal\/wp-json\/wp\/v2\/product"}],"about":[{"href":"https:\/\/bmsolucoesedu.com.br\/portal\/wp-json\/wp\/v2\/types\/product"}],"wp:featuredmedia":[{"embeddable":true,"href":"https:\/\/bmsolucoesedu.com.br\/portal\/wp-json\/wp\/v2\/media\/4153"}],"wp:attachment":[{"href":"https:\/\/bmsolucoesedu.com.br\/portal\/wp-json\/wp\/v2\/media?parent=3134"}],"wp:term":[{"taxonomy":"product_brand","embeddable":true,"href":"https:\/\/bmsolucoesedu.com.br\/portal\/wp-json\/wp\/v2\/product_brand?post=3134"},{"taxonomy":"product_cat","embeddable":true,"href":"https:\/\/bmsolucoesedu.com.br\/portal\/wp-json\/wp\/v2\/product_cat?post=3134"},{"taxonomy":"product_tag","embeddable":true,"href":"https:\/\/bmsolucoesedu.com.br\/portal\/wp-json\/wp\/v2\/product_tag?post=3134"}],"curies":[{"name":"wp","href":"https:\/\/api.w.org\/{rel}","templated":true}]}}