{"id":3133,"date":"2025-03-06T06:52:33","date_gmt":"2025-03-06T09:52:33","guid":{"rendered":"https:\/\/bmsolucoesedu.com.br\/portal\/?post_type=product&#038;p=3133"},"modified":"2025-03-06T06:53:17","modified_gmt":"2025-03-06T09:53:17","slug":"cola-branca","status":"publish","type":"product","link":"https:\/\/bmsolucoesedu.com.br\/portal\/produtos\/cola-branca\/","title":{"rendered":"Cola Branca"},"content":{"rendered":"<p>90 gramas, viscosa, constitu\u00edda de resina sint\u00e9tica em emuls\u00e3o aquosa, com boa adesividade, m\u00ednimo de 28% teor s\u00f3lidos, lav\u00e1vel, at\u00f3xica, secagem r\u00e1pida, homog\u00eanea, n\u00e3o podendo manchar a regi\u00e3o onde \u00e9 aplicada. A cola n\u00e3o dever\u00e1 apresentar odor p\u00fatrido, nem exalar vapores t\u00f3xicos. Dever\u00e1 ser embalada em recipientes pl\u00e1sticos, com bico aplicador, fino e tampa tipo fliptop para melhor fechamento, devendo constar informa\u00e7\u00f5es exigidas na legisla\u00e7\u00e3o em vigor, bem como peso l\u00edquido.<\/p>\n","protected":false},"excerpt":{"rendered":"<p>90 gramas, viscosa, constitu\u00edda de resina sint\u00e9tica em emuls\u00e3o aquosa, com boa adesividade, m\u00ednimo de 28% teor s\u00f3lidos, lav\u00e1vel, at\u00f3xica, secagem r\u00e1pida, homog\u00eanea, n\u00e3o podendo manchar a regi\u00e3o onde \u00e9 aplicada. A cola n\u00e3o dever\u00e1 apresentar odor p\u00fatrido, nem exalar vapores t\u00f3xicos. Dever\u00e1 ser embalada em recipientes pl\u00e1sticos, com bico aplicador, fino e tampa tipo fliptop para melhor fechamento, devendo constar informa\u00e7\u00f5es exigidas na legisla\u00e7\u00e3o em vigor, bem como peso l\u00edquido.<\/p>\n","protected":false},"featured_media":4152,"template":"","meta":[],"product_brand":[],"product_cat":[868],"product_tag":[924],"class_list":{"0":"post-3133","1":"product","2":"type-product","3":"status-publish","4":"has-post-thumbnail","6":"product_cat-material-escolar","7":"product_tag-a229","8":"pa_item-263","9":"pa_lote-422","10":"pa_marca-marca-propria","11":"pa_n-ata-069-2024","12":"pa_pregao-eletronico-por-registro-de-precos-no-309-2024","13":"pa_processo-licitatorio-24-0-000054617-4","14":"wcpv_product_vendors-brasil-comercio-e-distribuidora-ltda","16":"first","17":"instock","18":"shipping-taxable","19":"purchasable","20":"product-type-simple"},"_links":{"self":[{"href":"https:\/\/bmsolucoesedu.com.br\/portal\/wp-json\/wp\/v2\/product\/3133","targetHints":{"allow":["GET"]}}],"collection":[{"href":"https:\/\/bmsolucoesedu.com.br\/portal\/wp-json\/wp\/v2\/product"}],"about":[{"href":"https:\/\/bmsolucoesedu.com.br\/portal\/wp-json\/wp\/v2\/types\/product"}],"wp:featuredmedia":[{"embeddable":true,"href":"https:\/\/bmsolucoesedu.com.br\/portal\/wp-json\/wp\/v2\/media\/4152"}],"wp:attachment":[{"href":"https:\/\/bmsolucoesedu.com.br\/portal\/wp-json\/wp\/v2\/media?parent=3133"}],"wp:term":[{"taxonomy":"product_brand","embeddable":true,"href":"https:\/\/bmsolucoesedu.com.br\/portal\/wp-json\/wp\/v2\/product_brand?post=3133"},{"taxonomy":"product_cat","embeddable":true,"href":"https:\/\/bmsolucoesedu.com.br\/portal\/wp-json\/wp\/v2\/product_cat?post=3133"},{"taxonomy":"product_tag","embeddable":true,"href":"https:\/\/bmsolucoesedu.com.br\/portal\/wp-json\/wp\/v2\/product_tag?post=3133"}],"curies":[{"name":"wp","href":"https:\/\/api.w.org\/{rel}","templated":true}]}}