{"id":3132,"date":"2025-03-06T06:52:33","date_gmt":"2025-03-06T09:52:33","guid":{"rendered":"https:\/\/bmsolucoesedu.com.br\/portal\/?post_type=product&#038;p=3132"},"modified":"2025-03-06T06:53:17","modified_gmt":"2025-03-06T09:53:17","slug":"conjunto-de-caneta-hidrografica-grossa","status":"publish","type":"product","link":"https:\/\/bmsolucoesedu.com.br\/portal\/produtos\/conjunto-de-caneta-hidrografica-grossa\/","title":{"rendered":"Conjunto de caneta hidrogr\u00e1fica grossa"},"content":{"rendered":"<p>Estojo com 12 cores, corpos injetados em poliestireno cristal nas cores da tinta, tampa de prote\u00e7\u00e3o da ponta com sistema de ventila\u00e7\u00e3o \u201canti-asfixiante\u201d desobstru\u00eddo na cor da tinta, formato triangular, tinta at\u00f3xica a base de \u00e1gua, comprimento m\u00ednimo de cada caneta com a tampa: 130 mm, di\u00e2metro de 11 mm, cores obrigat\u00f3rias: preto, amarelo, dois tons de vermelho, dois tons de azul, dois tons de verde e marrom, embalada em cartela de PVC cristal com sistema de lacre ou papel cart\u00e3o com janela frontal.<\/p>\n","protected":false},"excerpt":{"rendered":"<p>Estojo com 12 cores, corpos injetados em poliestireno cristal nas cores da tinta, tampa de prote\u00e7\u00e3o da ponta com sistema de ventila\u00e7\u00e3o \u201canti-asfixiante\u201d desobstru\u00eddo na cor da tinta, formato triangular, tinta at\u00f3xica a base de \u00e1gua, comprimento m\u00ednimo de cada caneta com a tampa: 130 mm, di\u00e2metro de 11 mm, cores obrigat\u00f3rias: preto, amarelo, dois tons de vermelho, dois tons de azul, dois tons de verde e marrom, embalada em cartela de PVC cristal com sistema de lacre ou papel cart\u00e3o com janela frontal.<\/p>\n","protected":false},"featured_media":4151,"template":"","meta":[],"product_brand":[],"product_cat":[868],"product_tag":[924],"class_list":{"0":"post-3132","1":"product","2":"type-product","3":"status-publish","4":"has-post-thumbnail","6":"product_cat-material-escolar","7":"product_tag-a229","8":"pa_item-261","9":"pa_lote-422","10":"pa_marca-marca-propria","11":"pa_n-ata-069-2024","12":"pa_pregao-eletronico-por-registro-de-precos-no-309-2024","13":"pa_processo-licitatorio-24-0-000054617-4","14":"wcpv_product_vendors-brasil-comercio-e-distribuidora-ltda","16":"first","17":"instock","18":"shipping-taxable","19":"purchasable","20":"product-type-simple"},"_links":{"self":[{"href":"https:\/\/bmsolucoesedu.com.br\/portal\/wp-json\/wp\/v2\/product\/3132","targetHints":{"allow":["GET"]}}],"collection":[{"href":"https:\/\/bmsolucoesedu.com.br\/portal\/wp-json\/wp\/v2\/product"}],"about":[{"href":"https:\/\/bmsolucoesedu.com.br\/portal\/wp-json\/wp\/v2\/types\/product"}],"wp:featuredmedia":[{"embeddable":true,"href":"https:\/\/bmsolucoesedu.com.br\/portal\/wp-json\/wp\/v2\/media\/4151"}],"wp:attachment":[{"href":"https:\/\/bmsolucoesedu.com.br\/portal\/wp-json\/wp\/v2\/media?parent=3132"}],"wp:term":[{"taxonomy":"product_brand","embeddable":true,"href":"https:\/\/bmsolucoesedu.com.br\/portal\/wp-json\/wp\/v2\/product_brand?post=3132"},{"taxonomy":"product_cat","embeddable":true,"href":"https:\/\/bmsolucoesedu.com.br\/portal\/wp-json\/wp\/v2\/product_cat?post=3132"},{"taxonomy":"product_tag","embeddable":true,"href":"https:\/\/bmsolucoesedu.com.br\/portal\/wp-json\/wp\/v2\/product_tag?post=3132"}],"curies":[{"name":"wp","href":"https:\/\/api.w.org\/{rel}","templated":true}]}}