{"id":3131,"date":"2025-03-06T06:52:33","date_gmt":"2025-03-06T09:52:33","guid":{"rendered":"https:\/\/bmsolucoesedu.com.br\/portal\/?post_type=product&#038;p=3131"},"modified":"2025-03-06T06:53:18","modified_gmt":"2025-03-06T09:53:18","slug":"caneta-esferografica-preta-4","status":"publish","type":"product","link":"https:\/\/bmsolucoesedu.com.br\/portal\/produtos\/caneta-esferografica-preta-4\/","title":{"rendered":"Caneta esferogr\u00e1fica preta"},"content":{"rendered":"<p>Escrita m\u00e9dia, corpo transparente, com orif\u00edcio lateral anti-asfixiante, ponta m\u00e9dia de cobre de 1,0mm com esfera de tungst\u00eanio. Comprimento aproximado de 140mm, gravado no corpo a marca do fabricante, largura da linha 0,4mm, cor da tinta preta, tampa e plug da mesma cor da tinta, corpo sextavado, tampa ventilada em conformidade com padr\u00e3o ISO, embalagem (50&#215;1), 1\u00aa linha.<\/p>\n","protected":false},"excerpt":{"rendered":"<p>Escrita m\u00e9dia, corpo transparente, com orif\u00edcio lateral anti-asfixiante, ponta m\u00e9dia de cobre de 1,0mm com esfera de tungst\u00eanio. Comprimento aproximado de 140mm, gravado no corpo a marca do fabricante, largura da linha 0,4mm, cor da tinta preta, tampa e plug da mesma cor da tinta, corpo sextavado, tampa ventilada em conformidade com padr\u00e3o ISO, embalagem (50&#215;1), 1\u00aa linha.<\/p>\n","protected":false},"featured_media":4150,"template":"","meta":[],"product_brand":[],"product_cat":[868],"product_tag":[924],"class_list":{"0":"post-3131","1":"product","2":"type-product","3":"status-publish","4":"has-post-thumbnail","6":"product_cat-material-escolar","7":"product_tag-a229","8":"pa_item-259","9":"pa_lote-422","10":"pa_marca-marca-propria","11":"pa_n-ata-069-2024","12":"pa_pregao-eletronico-por-registro-de-precos-no-309-2024","13":"pa_processo-licitatorio-24-0-000054617-4","14":"wcpv_product_vendors-brasil-comercio-e-distribuidora-ltda","16":"first","17":"instock","18":"shipping-taxable","19":"purchasable","20":"product-type-simple"},"_links":{"self":[{"href":"https:\/\/bmsolucoesedu.com.br\/portal\/wp-json\/wp\/v2\/product\/3131","targetHints":{"allow":["GET"]}}],"collection":[{"href":"https:\/\/bmsolucoesedu.com.br\/portal\/wp-json\/wp\/v2\/product"}],"about":[{"href":"https:\/\/bmsolucoesedu.com.br\/portal\/wp-json\/wp\/v2\/types\/product"}],"wp:featuredmedia":[{"embeddable":true,"href":"https:\/\/bmsolucoesedu.com.br\/portal\/wp-json\/wp\/v2\/media\/4150"}],"wp:attachment":[{"href":"https:\/\/bmsolucoesedu.com.br\/portal\/wp-json\/wp\/v2\/media?parent=3131"}],"wp:term":[{"taxonomy":"product_brand","embeddable":true,"href":"https:\/\/bmsolucoesedu.com.br\/portal\/wp-json\/wp\/v2\/product_brand?post=3131"},{"taxonomy":"product_cat","embeddable":true,"href":"https:\/\/bmsolucoesedu.com.br\/portal\/wp-json\/wp\/v2\/product_cat?post=3131"},{"taxonomy":"product_tag","embeddable":true,"href":"https:\/\/bmsolucoesedu.com.br\/portal\/wp-json\/wp\/v2\/product_tag?post=3131"}],"curies":[{"name":"wp","href":"https:\/\/api.w.org\/{rel}","templated":true}]}}