{"id":3129,"date":"2025-03-06T06:52:33","date_gmt":"2025-03-06T09:52:33","guid":{"rendered":"https:\/\/bmsolucoesedu.com.br\/portal\/?post_type=product&#038;p=3129"},"modified":"2025-03-06T06:53:18","modified_gmt":"2025-03-06T09:53:18","slug":"caderno-universitario-10-materias-espiralado","status":"publish","type":"product","link":"https:\/\/bmsolucoesedu.com.br\/portal\/produtos\/caderno-universitario-10-materias-espiralado\/","title":{"rendered":"Caderno Universit\u00e1rio \u2013 10 Mat\u00e9rias espiralado"},"content":{"rendered":"<p>Capa e contra-capa dura com ilustra\u00e7\u00e3o e Bras\u00e3o da Prefeitura Municipal de Canoas, 10&#215;1 mat\u00e9rias, espiral contendo 200fls, formato 200mm x 275mm, miolo papel 56g\/m\u00b2 com pautas azuis, contendo no m\u00ednimo 32 pautas, com primeira folha do miolo e demais divis\u00f3rias das mat\u00e9rias contendo folha de planejamento com dados pessoais, hor\u00e1rio de aulas, anota\u00e7\u00f5es, disciplinas, professor, provas e trabalhos, em papel off set 70 g\/m\u00b2, capa e contra-capa revestido em papel couch\u00ea 115g\/m\u00b2 papel\u00e3o 780g\/m\u00b2 e forro 120 g\/m\u00b2, com aplica\u00e7\u00e3o de plastifica\u00e7\u00e3o polietileno na capa, e arame nylon 1,20mm preto.<\/p>\n","protected":false},"excerpt":{"rendered":"<p>Capa e contra-capa dura com ilustra\u00e7\u00e3o e Bras\u00e3o da Prefeitura Municipal de Canoas, 10&#215;1 mat\u00e9rias, espiral contendo 200fls, formato 200mm x 275mm, miolo papel 56g\/m\u00b2 com pautas azuis, contendo no m\u00ednimo 32 pautas, com primeira folha do miolo e demais divis\u00f3rias das mat\u00e9rias contendo folha de planejamento com dados pessoais, hor\u00e1rio de aulas, anota\u00e7\u00f5es, disciplinas, professor, provas e trabalhos, em papel off set 70 g\/m\u00b2, capa e contra-capa revestido em papel couch\u00ea 115g\/m\u00b2 papel\u00e3o 780g\/m\u00b2 e forro 120 g\/m\u00b2, com aplica\u00e7\u00e3o de plastifica\u00e7\u00e3o polietileno na capa, e arame nylon 1,20mm preto.<\/p>\n","protected":false},"featured_media":4148,"template":"","meta":[],"product_brand":[],"product_cat":[868],"product_tag":[924],"class_list":{"0":"post-3129","1":"product","2":"type-product","3":"status-publish","4":"has-post-thumbnail","6":"product_cat-material-escolar","7":"product_tag-a229","8":"pa_item-234","9":"pa_lote-422","10":"pa_marca-marca-propria","11":"pa_n-ata-069-2024","12":"pa_pregao-eletronico-por-registro-de-precos-no-309-2024","13":"pa_processo-licitatorio-24-0-000054617-4","14":"wcpv_product_vendors-brasil-comercio-e-distribuidora-ltda","16":"first","17":"instock","18":"shipping-taxable","19":"purchasable","20":"product-type-simple"},"_links":{"self":[{"href":"https:\/\/bmsolucoesedu.com.br\/portal\/wp-json\/wp\/v2\/product\/3129","targetHints":{"allow":["GET"]}}],"collection":[{"href":"https:\/\/bmsolucoesedu.com.br\/portal\/wp-json\/wp\/v2\/product"}],"about":[{"href":"https:\/\/bmsolucoesedu.com.br\/portal\/wp-json\/wp\/v2\/types\/product"}],"wp:featuredmedia":[{"embeddable":true,"href":"https:\/\/bmsolucoesedu.com.br\/portal\/wp-json\/wp\/v2\/media\/4148"}],"wp:attachment":[{"href":"https:\/\/bmsolucoesedu.com.br\/portal\/wp-json\/wp\/v2\/media?parent=3129"}],"wp:term":[{"taxonomy":"product_brand","embeddable":true,"href":"https:\/\/bmsolucoesedu.com.br\/portal\/wp-json\/wp\/v2\/product_brand?post=3129"},{"taxonomy":"product_cat","embeddable":true,"href":"https:\/\/bmsolucoesedu.com.br\/portal\/wp-json\/wp\/v2\/product_cat?post=3129"},{"taxonomy":"product_tag","embeddable":true,"href":"https:\/\/bmsolucoesedu.com.br\/portal\/wp-json\/wp\/v2\/product_tag?post=3129"}],"curies":[{"name":"wp","href":"https:\/\/api.w.org\/{rel}","templated":true}]}}