{"id":3126,"date":"2025-03-06T06:52:33","date_gmt":"2025-03-06T09:52:33","guid":{"rendered":"https:\/\/bmsolucoesedu.com.br\/portal\/?post_type=product&#038;p=3126"},"modified":"2025-03-06T06:53:18","modified_gmt":"2025-03-06T09:53:18","slug":"borracha-branca-escolar","status":"publish","type":"product","link":"https:\/\/bmsolucoesedu.com.br\/portal\/produtos\/borracha-branca-escolar\/","title":{"rendered":"Borracha branca escolar"},"content":{"rendered":"<p>Para apagar escrita a l\u00e1pis. Composi\u00e7\u00e3o: resinas sint\u00e9ticas, medidas m\u00ednimas: 30mm x 20mm x 7mm, at\u00f3xica, produto dever\u00e1 estar certificado de acordo com norma ABNT NBR 15236 &#8211; Seguran\u00e7a de Artigos Escolares.<\/p>\n","protected":false},"excerpt":{"rendered":"<p>Para apagar escrita a l\u00e1pis. Composi\u00e7\u00e3o: resinas sint\u00e9ticas, medidas m\u00ednimas: 30mm x 20mm x 7mm, at\u00f3xica, produto dever\u00e1 estar certificado de acordo com norma ABNT NBR 15236 &#8211; Seguran\u00e7a de Artigos Escolares.<\/p>\n","protected":false},"featured_media":4145,"template":"","meta":[],"product_brand":[],"product_cat":[868],"product_tag":[924],"class_list":{"0":"post-3126","1":"product","2":"type-product","3":"status-publish","4":"has-post-thumbnail","6":"product_cat-material-escolar","7":"product_tag-a229","8":"pa_item-227","9":"pa_lote-422","10":"pa_marca-marca-propria","11":"pa_n-ata-069-2024","12":"pa_pregao-eletronico-por-registro-de-precos-no-309-2024","13":"pa_processo-licitatorio-24-0-000054617-4","14":"wcpv_product_vendors-brasil-comercio-e-distribuidora-ltda","16":"first","17":"instock","18":"shipping-taxable","19":"purchasable","20":"product-type-simple"},"_links":{"self":[{"href":"https:\/\/bmsolucoesedu.com.br\/portal\/wp-json\/wp\/v2\/product\/3126","targetHints":{"allow":["GET"]}}],"collection":[{"href":"https:\/\/bmsolucoesedu.com.br\/portal\/wp-json\/wp\/v2\/product"}],"about":[{"href":"https:\/\/bmsolucoesedu.com.br\/portal\/wp-json\/wp\/v2\/types\/product"}],"wp:featuredmedia":[{"embeddable":true,"href":"https:\/\/bmsolucoesedu.com.br\/portal\/wp-json\/wp\/v2\/media\/4145"}],"wp:attachment":[{"href":"https:\/\/bmsolucoesedu.com.br\/portal\/wp-json\/wp\/v2\/media?parent=3126"}],"wp:term":[{"taxonomy":"product_brand","embeddable":true,"href":"https:\/\/bmsolucoesedu.com.br\/portal\/wp-json\/wp\/v2\/product_brand?post=3126"},{"taxonomy":"product_cat","embeddable":true,"href":"https:\/\/bmsolucoesedu.com.br\/portal\/wp-json\/wp\/v2\/product_cat?post=3126"},{"taxonomy":"product_tag","embeddable":true,"href":"https:\/\/bmsolucoesedu.com.br\/portal\/wp-json\/wp\/v2\/product_tag?post=3126"}],"curies":[{"name":"wp","href":"https:\/\/api.w.org\/{rel}","templated":true}]}}