{"id":3121,"date":"2025-03-06T06:42:18","date_gmt":"2025-03-06T09:42:18","guid":{"rendered":"https:\/\/bmsolucoesedu.com.br\/portal\/?post_type=product&#038;p=3121"},"modified":"2025-03-06T06:46:11","modified_gmt":"2025-03-06T09:46:11","slug":"agenda-do-aluno","status":"publish","type":"product","link":"https:\/\/bmsolucoesedu.com.br\/portal\/produtos\/agenda-do-aluno\/","title":{"rendered":"Agenda do Aluno"},"content":{"rendered":"<p>Comunica\u00e7\u00e3o Pais\/Escola, capa dura, com wire-o 7\/16\u201d, na cor branca e acabamento coil-Iock, dimens\u00f5es m\u00ednimas: 140 mm x 200 mm, miolo dever\u00e1 possuir 224 p\u00e1ginas, impresso em 1&#215;1, com semana e m\u00eas, sendo 2 dias por p\u00e1gina, em papel off-set e gramatura de no m\u00ednimo 63\/gm\u00b2. A montagem da mesma dever\u00e1 seguir a seguinte descri\u00e7\u00e3o: P\u00e1ginas 1 e 2 \u2013 Texto Secretaria de Educa\u00e7\u00e3o; P\u00e1gina 3 \u2013 \u00cdndice; P\u00e1ginas 4 e 5 Endere\u00e7os das Escolas Municipais; P\u00e1ginas 6 e 7 \u2013 Hino Nacional; P\u00e1gina 8 \u2013 Hino de Canoas; P\u00e1gina 9 &#8211; Identifica\u00e7\u00e3o do Aluno (dados pessoais); P\u00e1gina 10 \u2013 Hor\u00e1rio de Aulas; P\u00e1gina 11 \u2013 Calend\u00e1rio Avalia\u00e7\u00e3o; P\u00e1gina 12 \u2013 Trabalhos; P\u00e1gina 13 \u2013 Anota\u00e7\u00f5es de faltas; P\u00e1ginas 14 e 15 \u2013 Livros; P\u00e1gina 16 \u2013 Anota\u00e7\u00f5es de sites; P\u00e1gina 17 \u2013 Datas de Anivers\u00e1rios; P\u00e1gina 18 &#8211; Calend\u00e1rio 2025; P\u00e1gina 19 &#8211; Calend\u00e1rio 2026, P\u00e1ginas 20 e 21 \u2013 Descri\u00e7\u00e3o do Corpo Humano; P\u00e1gina 22 \u2013 Telefones \u00dateis; P\u00e1gs. 23 a 178 &#8211; Agenda Escolar Di\u00e1ria; P\u00e1ginas 179 a 186 \u2013 Agenda Telef\u00f4nica; P\u00e1gina 18 Anota\u00e7\u00f5es.<\/p>\n","protected":false},"excerpt":{"rendered":"<p>Comunica\u00e7\u00e3o Pais\/Escola, capa dura, com wire-o 7\/16\u201d, na cor branca e acabamento coil-Iock, dimens\u00f5es m\u00ednimas: 140 mm x 200 mm, miolo dever\u00e1 possuir 224 p\u00e1ginas, impresso em 1&#215;1, com semana e m\u00eas, sendo 2 dias por p\u00e1gina, em papel off-set e gramatura de no m\u00ednimo 63\/gm\u00b2.<\/p>\n","protected":false},"featured_media":4142,"template":"","meta":[],"product_brand":[],"product_cat":[868],"product_tag":[924],"class_list":{"0":"post-3121","1":"product","2":"type-product","3":"status-publish","4":"has-post-thumbnail","6":"product_cat-material-escolar","7":"product_tag-a229","8":"pa_item-225","9":"pa_lote-422","10":"pa_marca-marca-propria","11":"pa_n-ata-069-2024","12":"pa_pregao-eletronico-por-registro-de-precos-no-309-2024","13":"pa_processo-licitatorio-24-0-000054617-4","14":"wcpv_product_vendors-brasil-comercio-e-distribuidora-ltda","16":"first","17":"instock","18":"shipping-taxable","19":"purchasable","20":"product-type-simple"},"_links":{"self":[{"href":"https:\/\/bmsolucoesedu.com.br\/portal\/wp-json\/wp\/v2\/product\/3121","targetHints":{"allow":["GET"]}}],"collection":[{"href":"https:\/\/bmsolucoesedu.com.br\/portal\/wp-json\/wp\/v2\/product"}],"about":[{"href":"https:\/\/bmsolucoesedu.com.br\/portal\/wp-json\/wp\/v2\/types\/product"}],"wp:featuredmedia":[{"embeddable":true,"href":"https:\/\/bmsolucoesedu.com.br\/portal\/wp-json\/wp\/v2\/media\/4142"}],"wp:attachment":[{"href":"https:\/\/bmsolucoesedu.com.br\/portal\/wp-json\/wp\/v2\/media?parent=3121"}],"wp:term":[{"taxonomy":"product_brand","embeddable":true,"href":"https:\/\/bmsolucoesedu.com.br\/portal\/wp-json\/wp\/v2\/product_brand?post=3121"},{"taxonomy":"product_cat","embeddable":true,"href":"https:\/\/bmsolucoesedu.com.br\/portal\/wp-json\/wp\/v2\/product_cat?post=3121"},{"taxonomy":"product_tag","embeddable":true,"href":"https:\/\/bmsolucoesedu.com.br\/portal\/wp-json\/wp\/v2\/product_tag?post=3121"}],"curies":[{"name":"wp","href":"https:\/\/api.w.org\/{rel}","templated":true}]}}