{"id":3119,"date":"2025-03-05T17:14:13","date_gmt":"2025-03-05T20:14:13","guid":{"rendered":"https:\/\/bmsolucoesedu.com.br\/portal\/?post_type=product&#038;p=3119"},"modified":"2025-11-07T11:44:56","modified_gmt":"2025-11-07T14:44:56","slug":"tenis-com-cadarco-modelo-basquete","status":"publish","type":"product","link":"https:\/\/bmsolucoesedu.com.br\/portal\/produtos\/tenis-com-cadarco-modelo-basquete\/","title":{"rendered":"T\u00eanis com cadar\u00e7o &#8211; modelo basquete"},"content":{"rendered":"<p>O t\u00eanis deve ter cabedal, laterais e lingueta de lona 100% algod\u00e3o (530 g\/m\u00b2 no total), contraforte de elast\u00f4mero vulcanizado (1,2 mm) com borda chanfrada (8 mm) e forro interno de poli\u00e9ster (130 g\/m\u00b2) dublado com espuma de poliuretano (5 mm, 26 kg\/m\u00b3), sendo as cores definidas pelo \u00f3rg\u00e3o expedidor.<\/p>\n","protected":false},"excerpt":{"rendered":"<p>O t\u00eanis deve ter cabedal, laterais e lingueta de lona 100% algod\u00e3o (530 g\/m\u00b2 no total), contraforte de elast\u00f4mero vulcanizado (1,2 mm) com borda chanfrada (8 mm) e forro interno de poli\u00e9ster (130 g\/m\u00b2) dublado com espuma de poliuretano (5 mm, 26 kg\/m\u00b3), sendo as cores definidas pelo \u00f3rg\u00e3o expedidor.<\/p>\n","protected":false},"featured_media":5968,"template":"","meta":[],"product_brand":[],"product_cat":[196],"product_tag":[918],"class_list":{"0":"post-3119","1":"product","2":"type-product","3":"status-publish","4":"has-post-thumbnail","6":"product_cat-uniformes","7":"product_tag-a231","8":"pa_item-224","9":"pa_lote-574","10":"pa_marca-marca-propria","11":"pa_n-ata-008-2024","12":"pa_pregao-eletronico-por-registro-de-precos-no-008-2024","13":"pa_processo-licitatorio-008-2024","14":"wcpv_product_vendors-boreste-industria-e-comercio-ltda","16":"first","17":"instock","18":"shipping-taxable","19":"purchasable","20":"product-type-simple"},"_links":{"self":[{"href":"https:\/\/bmsolucoesedu.com.br\/portal\/wp-json\/wp\/v2\/product\/3119","targetHints":{"allow":["GET"]}}],"collection":[{"href":"https:\/\/bmsolucoesedu.com.br\/portal\/wp-json\/wp\/v2\/product"}],"about":[{"href":"https:\/\/bmsolucoesedu.com.br\/portal\/wp-json\/wp\/v2\/types\/product"}],"wp:featuredmedia":[{"embeddable":true,"href":"https:\/\/bmsolucoesedu.com.br\/portal\/wp-json\/wp\/v2\/media\/5968"}],"wp:attachment":[{"href":"https:\/\/bmsolucoesedu.com.br\/portal\/wp-json\/wp\/v2\/media?parent=3119"}],"wp:term":[{"taxonomy":"product_brand","embeddable":true,"href":"https:\/\/bmsolucoesedu.com.br\/portal\/wp-json\/wp\/v2\/product_brand?post=3119"},{"taxonomy":"product_cat","embeddable":true,"href":"https:\/\/bmsolucoesedu.com.br\/portal\/wp-json\/wp\/v2\/product_cat?post=3119"},{"taxonomy":"product_tag","embeddable":true,"href":"https:\/\/bmsolucoesedu.com.br\/portal\/wp-json\/wp\/v2\/product_tag?post=3119"}],"curies":[{"name":"wp","href":"https:\/\/api.w.org\/{rel}","templated":true}]}}