{"id":3117,"date":"2025-03-05T17:14:13","date_gmt":"2025-03-05T20:14:13","guid":{"rendered":"https:\/\/bmsolucoesedu.com.br\/portal\/?post_type=product&#038;p=3117"},"modified":"2025-11-07T11:44:56","modified_gmt":"2025-11-07T14:44:56","slug":"meia-com-solado-unissex","status":"publish","type":"product","link":"https:\/\/bmsolucoesedu.com.br\/portal\/produtos\/meia-com-solado-unissex\/","title":{"rendered":"MEIA COM SOLADO UNISSEX:"},"content":{"rendered":"<p>O cal\u00e7ado para alunos da educa\u00e7\u00e3o infantil, deve ser de um solado muito macio e de material altamente transpirante para dar conforto, equil\u00edbrio, comodidade, ser antiderrapante, para isso a parte superior deve ser de duplo cacharel com espuma de densidade 26 e espessura de 3 mil\u00edmetros, o cacharel deve ser de 100% poli\u00e9ster com 340 gramas por metro quadrado, com toler\u00e2ncia de mais ou menos 5%.<\/p>\n","protected":false},"excerpt":{"rendered":"<p>O cal\u00e7ado para alunos da educa\u00e7\u00e3o infantil, deve ser de um solado muito macio e de material altamente transpirante para dar conforto, equil\u00edbrio, comodidade, ser antiderrapante, para isso a parte superior deve ser de duplo cacharel com espuma de densidade 26 e espessura de 3 mil\u00edmetros, o cacharel deve ser de 100% poli\u00e9ster com 340 gramas por metro quadrado, com toler\u00e2ncia de mais ou menos 5%.<\/p>\n","protected":false},"featured_media":5967,"template":"","meta":[],"product_brand":[],"product_cat":[196],"product_tag":[918],"class_list":{"0":"post-3117","1":"product","2":"type-product","3":"status-publish","4":"has-post-thumbnail","6":"product_cat-uniformes","7":"product_tag-a231","8":"pa_item-224","9":"pa_lote-533","10":"pa_marca-marca-propria","11":"pa_n-ata-008-2024","12":"pa_pregao-eletronico-por-registro-de-precos-no-008-2024","13":"pa_processo-licitatorio-008-2024","14":"wcpv_product_vendors-boreste-industria-e-comercio-ltda","16":"first","17":"instock","18":"shipping-taxable","19":"purchasable","20":"product-type-simple"},"_links":{"self":[{"href":"https:\/\/bmsolucoesedu.com.br\/portal\/wp-json\/wp\/v2\/product\/3117","targetHints":{"allow":["GET"]}}],"collection":[{"href":"https:\/\/bmsolucoesedu.com.br\/portal\/wp-json\/wp\/v2\/product"}],"about":[{"href":"https:\/\/bmsolucoesedu.com.br\/portal\/wp-json\/wp\/v2\/types\/product"}],"wp:featuredmedia":[{"embeddable":true,"href":"https:\/\/bmsolucoesedu.com.br\/portal\/wp-json\/wp\/v2\/media\/5967"}],"wp:attachment":[{"href":"https:\/\/bmsolucoesedu.com.br\/portal\/wp-json\/wp\/v2\/media?parent=3117"}],"wp:term":[{"taxonomy":"product_brand","embeddable":true,"href":"https:\/\/bmsolucoesedu.com.br\/portal\/wp-json\/wp\/v2\/product_brand?post=3117"},{"taxonomy":"product_cat","embeddable":true,"href":"https:\/\/bmsolucoesedu.com.br\/portal\/wp-json\/wp\/v2\/product_cat?post=3117"},{"taxonomy":"product_tag","embeddable":true,"href":"https:\/\/bmsolucoesedu.com.br\/portal\/wp-json\/wp\/v2\/product_tag?post=3117"}],"curies":[{"name":"wp","href":"https:\/\/api.w.org\/{rel}","templated":true}]}}