{"id":3116,"date":"2025-03-05T17:14:13","date_gmt":"2025-03-05T20:14:13","guid":{"rendered":"https:\/\/bmsolucoesedu.com.br\/portal\/?post_type=product&#038;p=3116"},"modified":"2025-11-07T11:44:56","modified_gmt":"2025-11-07T14:44:56","slug":"meia-escolar-unissex","status":"publish","type":"product","link":"https:\/\/bmsolucoesedu.com.br\/portal\/produtos\/meia-escolar-unissex\/","title":{"rendered":"MEIA ESCOLAR UNISSEX"},"content":{"rendered":"<p>Meia de ALGOD\u00c3O tipo colegial; Calcanhar verdadeiro; Cor do corpo da meia: Branca; Cor biqueira e calcanhar: Azul Marinho, Pantone 19-3810 TPX; Desenho feito em jacquard, composto pelo bras\u00e3o do munic\u00edpio, conforme imagem; Punho: J\u00e9rsei (meia malha) com disposi\u00e7\u00e3o de agulhas 1X1, onde uma tece e uma forma o canelado (aspecto = sanfona 1X1).<\/p>\n","protected":false},"excerpt":{"rendered":"<p>Meia de ALGOD\u00c3O tipo colegial; Calcanhar verdadeiro; Cor do corpo da meia: Branca; Cor biqueira e calcanhar: Azul Marinho, Pantone 19-3810 TPX; Desenho feito em jacquard, composto pelo bras\u00e3o do munic\u00edpio, conforme imagem; Punho: J\u00e9rsei (meia malha) com disposi\u00e7\u00e3o de agulhas 1X1, onde uma tece e uma forma o canelado (aspecto = sanfona 1X1).<\/p>\n","protected":false},"featured_media":5965,"template":"","meta":[],"product_brand":[],"product_cat":[196],"product_tag":[918],"class_list":{"0":"post-3116","1":"product","2":"type-product","3":"status-publish","4":"has-post-thumbnail","6":"product_cat-uniformes","7":"product_tag-a231","8":"pa_item-225","9":"pa_lote-533","10":"pa_marca-marca-propria","11":"pa_n-ata-008-2024","12":"pa_pregao-eletronico-por-registro-de-precos-no-008-2024","13":"pa_processo-licitatorio-008-2024","14":"wcpv_product_vendors-boreste-industria-e-comercio-ltda","16":"first","17":"instock","18":"shipping-taxable","19":"purchasable","20":"product-type-simple"},"_links":{"self":[{"href":"https:\/\/bmsolucoesedu.com.br\/portal\/wp-json\/wp\/v2\/product\/3116","targetHints":{"allow":["GET"]}}],"collection":[{"href":"https:\/\/bmsolucoesedu.com.br\/portal\/wp-json\/wp\/v2\/product"}],"about":[{"href":"https:\/\/bmsolucoesedu.com.br\/portal\/wp-json\/wp\/v2\/types\/product"}],"wp:featuredmedia":[{"embeddable":true,"href":"https:\/\/bmsolucoesedu.com.br\/portal\/wp-json\/wp\/v2\/media\/5965"}],"wp:attachment":[{"href":"https:\/\/bmsolucoesedu.com.br\/portal\/wp-json\/wp\/v2\/media?parent=3116"}],"wp:term":[{"taxonomy":"product_brand","embeddable":true,"href":"https:\/\/bmsolucoesedu.com.br\/portal\/wp-json\/wp\/v2\/product_brand?post=3116"},{"taxonomy":"product_cat","embeddable":true,"href":"https:\/\/bmsolucoesedu.com.br\/portal\/wp-json\/wp\/v2\/product_cat?post=3116"},{"taxonomy":"product_tag","embeddable":true,"href":"https:\/\/bmsolucoesedu.com.br\/portal\/wp-json\/wp\/v2\/product_tag?post=3116"}],"curies":[{"name":"wp","href":"https:\/\/api.w.org\/{rel}","templated":true}]}}