{"id":3115,"date":"2025-03-05T17:14:12","date_gmt":"2025-03-05T20:14:12","guid":{"rendered":"https:\/\/bmsolucoesedu.com.br\/portal\/?post_type=product&#038;p=3115"},"modified":"2025-11-07T11:44:58","modified_gmt":"2025-11-07T14:44:58","slug":"calca-jeans-unissex","status":"publish","type":"product","link":"https:\/\/bmsolucoesedu.com.br\/portal\/produtos\/calca-jeans-unissex\/","title":{"rendered":"CAL\u00c7A JEANS UNISSEX"},"content":{"rendered":"<p>Cal\u00e7a jeans, reta, produzida em tecido 78,5% algod\u00e3o 20% poli\u00e9ster 1,5% elastano com gramatura de 270 gr\/m\u00b2 com estrutura de sarja 2X1, apresentando acabamento pr\u00e9 lavado (amaciado), b\u00e1sica, com dois pespontos entre pernas e um pesponto lateral at\u00e9 a altura do bolso da frente.<\/p>\n","protected":false},"excerpt":{"rendered":"<p>Cal\u00e7a jeans, reta, produzida em tecido 78,5% algod\u00e3o 20% poli\u00e9ster 1,5% elastano com gramatura de 270 gr\/m\u00b2 com estrutura de sarja 2X1, apresentando acabamento pr\u00e9 lavado (amaciado), b\u00e1sica, com dois pespontos entre pernas e um pesponto lateral at\u00e9 a altura do bolso da frente.<\/p>\n","protected":false},"featured_media":5963,"template":"","meta":[],"product_brand":[],"product_cat":[196],"product_tag":[918],"class_list":{"0":"post-3115","1":"product","2":"type-product","3":"status-publish","4":"has-post-thumbnail","6":"product_cat-uniformes","7":"product_tag-a231","8":"pa_item-271","9":"pa_lote-422","10":"pa_marca-marca-propria","11":"pa_n-ata-008-2024","12":"pa_pregao-eletronico-por-registro-de-precos-no-008-2024","13":"pa_processo-licitatorio-008-2024","14":"wcpv_product_vendors-boreste-industria-e-comercio-ltda","16":"first","17":"instock","18":"shipping-taxable","19":"purchasable","20":"product-type-simple"},"_links":{"self":[{"href":"https:\/\/bmsolucoesedu.com.br\/portal\/wp-json\/wp\/v2\/product\/3115","targetHints":{"allow":["GET"]}}],"collection":[{"href":"https:\/\/bmsolucoesedu.com.br\/portal\/wp-json\/wp\/v2\/product"}],"about":[{"href":"https:\/\/bmsolucoesedu.com.br\/portal\/wp-json\/wp\/v2\/types\/product"}],"wp:featuredmedia":[{"embeddable":true,"href":"https:\/\/bmsolucoesedu.com.br\/portal\/wp-json\/wp\/v2\/media\/5963"}],"wp:attachment":[{"href":"https:\/\/bmsolucoesedu.com.br\/portal\/wp-json\/wp\/v2\/media?parent=3115"}],"wp:term":[{"taxonomy":"product_brand","embeddable":true,"href":"https:\/\/bmsolucoesedu.com.br\/portal\/wp-json\/wp\/v2\/product_brand?post=3115"},{"taxonomy":"product_cat","embeddable":true,"href":"https:\/\/bmsolucoesedu.com.br\/portal\/wp-json\/wp\/v2\/product_cat?post=3115"},{"taxonomy":"product_tag","embeddable":true,"href":"https:\/\/bmsolucoesedu.com.br\/portal\/wp-json\/wp\/v2\/product_tag?post=3115"}],"curies":[{"name":"wp","href":"https:\/\/api.w.org\/{rel}","templated":true}]}}