{"id":3113,"date":"2025-03-05T17:14:12","date_gmt":"2025-03-05T20:14:12","guid":{"rendered":"https:\/\/bmsolucoesedu.com.br\/portal\/?post_type=product&#038;p=3113"},"modified":"2025-11-07T11:44:57","modified_gmt":"2025-11-07T14:44:57","slug":"camiseta-manga-curta-unissex","status":"publish","type":"product","link":"https:\/\/bmsolucoesedu.com.br\/portal\/produtos\/camiseta-manga-curta-unissex\/","title":{"rendered":"CAMISETA MANGA CURTA UNISSEX"},"content":{"rendered":"<p>Camiseta manga curta confeccionada em meia malha PV 67% POLI\u00c9STER 33% VISCOSE, com gramatura de 160g\/m\u00b2 na cor branca. As mangas dever\u00e3o ser ragl\u00e3, confeccionadas em meia malha PV 67% POLI\u00c9STER 33% VISCOSE, com gramatura de 160g\/m\u00b2 na cor branca.<\/p>\n","protected":false},"excerpt":{"rendered":"<p>Camiseta manga curta confeccionada em meia malha PV 67% POLI\u00c9STER 33% VISCOSE, com gramatura de 160g\/m\u00b2 na cor branca. As mangas dever\u00e3o ser ragl\u00e3, confeccionadas em meia malha PV 67% POLI\u00c9STER 33% VISCOSE, com gramatura de 160g\/m\u00b2 na cor branca.<\/p>\n","protected":false},"featured_media":5961,"template":"","meta":[],"product_brand":[],"product_cat":[196],"product_tag":[918],"class_list":{"0":"post-3113","1":"product","2":"type-product","3":"status-publish","4":"has-post-thumbnail","6":"product_cat-uniformes","7":"product_tag-a231","8":"pa_item-428","9":"pa_lote-422","10":"pa_marca-marca-propria","11":"pa_n-ata-008-2024","12":"pa_pregao-eletronico-por-registro-de-precos-no-008-2024","13":"pa_processo-licitatorio-008-2024","14":"wcpv_product_vendors-boreste-industria-e-comercio-ltda","16":"first","17":"instock","18":"shipping-taxable","19":"purchasable","20":"product-type-simple"},"_links":{"self":[{"href":"https:\/\/bmsolucoesedu.com.br\/portal\/wp-json\/wp\/v2\/product\/3113","targetHints":{"allow":["GET"]}}],"collection":[{"href":"https:\/\/bmsolucoesedu.com.br\/portal\/wp-json\/wp\/v2\/product"}],"about":[{"href":"https:\/\/bmsolucoesedu.com.br\/portal\/wp-json\/wp\/v2\/types\/product"}],"wp:featuredmedia":[{"embeddable":true,"href":"https:\/\/bmsolucoesedu.com.br\/portal\/wp-json\/wp\/v2\/media\/5961"}],"wp:attachment":[{"href":"https:\/\/bmsolucoesedu.com.br\/portal\/wp-json\/wp\/v2\/media?parent=3113"}],"wp:term":[{"taxonomy":"product_brand","embeddable":true,"href":"https:\/\/bmsolucoesedu.com.br\/portal\/wp-json\/wp\/v2\/product_brand?post=3113"},{"taxonomy":"product_cat","embeddable":true,"href":"https:\/\/bmsolucoesedu.com.br\/portal\/wp-json\/wp\/v2\/product_cat?post=3113"},{"taxonomy":"product_tag","embeddable":true,"href":"https:\/\/bmsolucoesedu.com.br\/portal\/wp-json\/wp\/v2\/product_tag?post=3113"}],"curies":[{"name":"wp","href":"https:\/\/api.w.org\/{rel}","templated":true}]}}