{"id":3098,"date":"2025-03-05T16:22:36","date_gmt":"2025-03-05T19:22:36","guid":{"rendered":"https:\/\/bmsolucoesedu.com.br\/portal\/?post_type=product&#038;p=3098"},"modified":"2025-03-05T16:23:54","modified_gmt":"2025-03-05T19:23:54","slug":"cadeira-fixa","status":"publish","type":"product","link":"https:\/\/bmsolucoesedu.com.br\/portal\/produtos\/cadeira-fixa\/","title":{"rendered":"CADEIRA FIXA"},"content":{"rendered":"<p>CADEIRA Assento e encosto em polipropileno copol\u00edmero virgem, isento de cargas minerais, injetados, na cor AZUL. Estrutura em tubo de a\u00e7o carbono laminado a frio, com costura, di\u00e2metro m\u00ednimo de 20,7mm, em chapa 14 (1,9mm) para afixa\u00e7\u00e3o do assento e encosto.<\/p>\n","protected":false},"excerpt":{"rendered":"<p>CADEIRA Assento e encosto em polipropileno copol\u00edmero virgem, isento de cargas minerais, injetados, na cor AZUL. Estrutura em tubo de a\u00e7o carbono laminado a frio, com costura, di\u00e2metro m\u00ednimo de 20,7mm, em chapa 14 (1,9mm) para afixa\u00e7\u00e3o do assento e encosto.<\/p>\n","protected":false},"featured_media":4580,"template":"","meta":[],"product_brand":[],"product_cat":[198],"product_tag":[910],"class_list":{"0":"post-3098","1":"product","2":"type-product","3":"status-publish","4":"has-post-thumbnail","6":"product_cat-mobiliario","7":"product_tag-a227","8":"pa_item-230","9":"pa_lote-556","10":"pa_marca-solucao-industria-e-comercio-de-moveis-ltda","11":"pa_n-ata-0048-2024","12":"pa_pregao-eletronico-por-registro-de-precos-no-0044-2024","13":"pa_processo-licitatorio-0048-2024","14":"wcpv_product_vendors-solucao-industria-e-comercio-de-moveis-ltda","16":"first","17":"instock","18":"shipping-taxable","19":"purchasable","20":"product-type-simple"},"_links":{"self":[{"href":"https:\/\/bmsolucoesedu.com.br\/portal\/wp-json\/wp\/v2\/product\/3098","targetHints":{"allow":["GET"]}}],"collection":[{"href":"https:\/\/bmsolucoesedu.com.br\/portal\/wp-json\/wp\/v2\/product"}],"about":[{"href":"https:\/\/bmsolucoesedu.com.br\/portal\/wp-json\/wp\/v2\/types\/product"}],"wp:featuredmedia":[{"embeddable":true,"href":"https:\/\/bmsolucoesedu.com.br\/portal\/wp-json\/wp\/v2\/media\/4580"}],"wp:attachment":[{"href":"https:\/\/bmsolucoesedu.com.br\/portal\/wp-json\/wp\/v2\/media?parent=3098"}],"wp:term":[{"taxonomy":"product_brand","embeddable":true,"href":"https:\/\/bmsolucoesedu.com.br\/portal\/wp-json\/wp\/v2\/product_brand?post=3098"},{"taxonomy":"product_cat","embeddable":true,"href":"https:\/\/bmsolucoesedu.com.br\/portal\/wp-json\/wp\/v2\/product_cat?post=3098"},{"taxonomy":"product_tag","embeddable":true,"href":"https:\/\/bmsolucoesedu.com.br\/portal\/wp-json\/wp\/v2\/product_tag?post=3098"}],"curies":[{"name":"wp","href":"https:\/\/api.w.org\/{rel}","templated":true}]}}