{"id":3097,"date":"2025-03-05T16:22:36","date_gmt":"2025-03-05T19:22:36","guid":{"rendered":"https:\/\/bmsolucoesedu.com.br\/portal\/?post_type=product&#038;p=3097"},"modified":"2025-03-05T16:23:54","modified_gmt":"2025-03-05T19:23:54","slug":"longarina-de-05-lugares","status":"publish","type":"product","link":"https:\/\/bmsolucoesedu.com.br\/portal\/produtos\/longarina-de-05-lugares\/","title":{"rendered":"LONGARINA DE 05 LUGARES"},"content":{"rendered":"<p>Longarina polipropileno 05 lugares com assento e encosto em resina pl\u00e1stica virgem, fabricados pelo processo de inje\u00e7\u00e3o termopl\u00e1stico, marca do fabricante injetada em auto relevo no encosto.<\/p>\n","protected":false},"excerpt":{"rendered":"<p>Longarina polipropileno 05 lugares com assento e encosto em resina pl\u00e1stica virgem, fabricados pelo processo de inje\u00e7\u00e3o termopl\u00e1stico, marca do fabricante injetada em auto relevo no encosto.<\/p>\n","protected":false},"featured_media":4579,"template":"","meta":[],"product_brand":[],"product_cat":[198],"product_tag":[910],"class_list":{"0":"post-3097","1":"product","2":"type-product","3":"status-publish","4":"has-post-thumbnail","6":"product_cat-mobiliario","7":"product_tag-a227","8":"pa_item-227","9":"pa_lote-556","10":"pa_marca-solucao-industria-e-comercio-de-moveis-ltda","11":"pa_n-ata-0048-2024","12":"pa_pregao-eletronico-por-registro-de-precos-no-0044-2024","13":"pa_processo-licitatorio-0048-2024","14":"wcpv_product_vendors-solucao-industria-e-comercio-de-moveis-ltda","16":"first","17":"instock","18":"shipping-taxable","19":"purchasable","20":"product-type-simple"},"_links":{"self":[{"href":"https:\/\/bmsolucoesedu.com.br\/portal\/wp-json\/wp\/v2\/product\/3097","targetHints":{"allow":["GET"]}}],"collection":[{"href":"https:\/\/bmsolucoesedu.com.br\/portal\/wp-json\/wp\/v2\/product"}],"about":[{"href":"https:\/\/bmsolucoesedu.com.br\/portal\/wp-json\/wp\/v2\/types\/product"}],"wp:featuredmedia":[{"embeddable":true,"href":"https:\/\/bmsolucoesedu.com.br\/portal\/wp-json\/wp\/v2\/media\/4579"}],"wp:attachment":[{"href":"https:\/\/bmsolucoesedu.com.br\/portal\/wp-json\/wp\/v2\/media?parent=3097"}],"wp:term":[{"taxonomy":"product_brand","embeddable":true,"href":"https:\/\/bmsolucoesedu.com.br\/portal\/wp-json\/wp\/v2\/product_brand?post=3097"},{"taxonomy":"product_cat","embeddable":true,"href":"https:\/\/bmsolucoesedu.com.br\/portal\/wp-json\/wp\/v2\/product_cat?post=3097"},{"taxonomy":"product_tag","embeddable":true,"href":"https:\/\/bmsolucoesedu.com.br\/portal\/wp-json\/wp\/v2\/product_tag?post=3097"}],"curies":[{"name":"wp","href":"https:\/\/api.w.org\/{rel}","templated":true}]}}