{"id":2684,"date":"2025-01-15T07:41:10","date_gmt":"2025-01-15T10:41:10","guid":{"rendered":"https:\/\/bmsolucoesedu.com.br\/portal\/?post_type=product&#038;p=2684"},"modified":"2025-11-04T10:20:26","modified_gmt":"2025-11-04T13:20:26","slug":"anilha-emborrachada-20-kg","status":"publish","type":"product","link":"https:\/\/bmsolucoesedu.com.br\/portal\/produtos\/anilha-emborrachada-20-kg\/","title":{"rendered":"Anilha emborrachada 20 kg"},"content":{"rendered":"<p>Anilha emborrachada 20 kg &#8211; anilha confeccionada em ferro fundido revestido com material emborrachado, imperme\u00e1vel, lav\u00e1vel, higi\u00eanico e protegido contra oxida\u00e7\u00e3o<\/p>\n","protected":false},"excerpt":{"rendered":"<p>Anilha emborrachada 20 kg &#8211; anilha confeccionada em ferro fundido revestido com material emborrachado, imperme\u00e1vel, lav\u00e1vel, higi\u00eanico e protegido contra oxida\u00e7\u00e3o<\/p>\n","protected":false},"featured_media":4314,"template":"","meta":[],"product_brand":[],"product_cat":[638],"product_tag":[898],"class_list":{"0":"post-2684","1":"product","2":"type-product","3":"status-publish","4":"has-post-thumbnail","6":"product_cat-material-esportivo","7":"product_tag-a126","8":"pa_item-800","9":"pa_lote-219","10":"pa_marca-fundiban-20kg","11":"pa_n-ata-19-2024","12":"pa_pregao-eletronico-por-registro-de-precos-no-019-2024","13":"pa_processo-licitatorio-019-2024","14":"wcpv_product_vendors-vale-comercio-de-produtos-para-educacao-ltda","16":"first","17":"instock","18":"shipping-taxable","19":"purchasable","20":"product-type-simple"},"_links":{"self":[{"href":"https:\/\/bmsolucoesedu.com.br\/portal\/wp-json\/wp\/v2\/product\/2684","targetHints":{"allow":["GET"]}}],"collection":[{"href":"https:\/\/bmsolucoesedu.com.br\/portal\/wp-json\/wp\/v2\/product"}],"about":[{"href":"https:\/\/bmsolucoesedu.com.br\/portal\/wp-json\/wp\/v2\/types\/product"}],"wp:featuredmedia":[{"embeddable":true,"href":"https:\/\/bmsolucoesedu.com.br\/portal\/wp-json\/wp\/v2\/media\/4314"}],"wp:attachment":[{"href":"https:\/\/bmsolucoesedu.com.br\/portal\/wp-json\/wp\/v2\/media?parent=2684"}],"wp:term":[{"taxonomy":"product_brand","embeddable":true,"href":"https:\/\/bmsolucoesedu.com.br\/portal\/wp-json\/wp\/v2\/product_brand?post=2684"},{"taxonomy":"product_cat","embeddable":true,"href":"https:\/\/bmsolucoesedu.com.br\/portal\/wp-json\/wp\/v2\/product_cat?post=2684"},{"taxonomy":"product_tag","embeddable":true,"href":"https:\/\/bmsolucoesedu.com.br\/portal\/wp-json\/wp\/v2\/product_tag?post=2684"}],"curies":[{"name":"wp","href":"https:\/\/api.w.org\/{rel}","templated":true}]}}