{"id":2644,"date":"2025-01-15T07:40:57","date_gmt":"2025-01-15T10:40:57","guid":{"rendered":"https:\/\/bmsolucoesedu.com.br\/portal\/?post_type=product&#038;p=2644"},"modified":"2025-11-04T10:20:38","modified_gmt":"2025-11-04T13:20:38","slug":"tabela-de-basquete","status":"publish","type":"product","link":"https:\/\/bmsolucoesedu.com.br\/portal\/produtos\/tabela-de-basquete\/","title":{"rendered":"Tabela de basquete"},"content":{"rendered":"<p>Tabela de basquete sem aro tabela confeccionadas em compensado naval de 18 mm, maior resist\u00eancia \u00e1 \u00e1gua;moldura e cantoneiras de a\u00e7o;tabela com medidas oficiais.medidas da tabela: l x a ( 1,8 x 1,2 ) m<\/p>\n","protected":false},"excerpt":{"rendered":"<p>Tabela de basquete sem aro tabela confeccionadas em compensado naval de 18 mm, maior resist\u00eancia \u00e1 \u00e1gua;moldura e cantoneiras de a\u00e7o;tabela com medidas oficiais.medidas da tabela: l x a ( 1,8 x 1,2 ) m<\/p>\n","protected":false},"featured_media":4273,"template":"","meta":[],"product_brand":[],"product_cat":[638],"product_tag":[898],"class_list":{"0":"post-2644","1":"product","2":"type-product","3":"status-publish","4":"has-post-thumbnail","6":"product_cat-material-esportivo","7":"product_tag-a126","8":"pa_item-618","9":"pa_lote-219","10":"pa_marca-sportin-oficial","11":"pa_n-ata-19-2024","12":"pa_pregao-eletronico-por-registro-de-precos-no-019-2024","13":"pa_processo-licitatorio-019-2024","14":"wcpv_product_vendors-vale-comercio-de-produtos-para-educacao-ltda","16":"first","17":"instock","18":"shipping-taxable","19":"purchasable","20":"product-type-simple"},"_links":{"self":[{"href":"https:\/\/bmsolucoesedu.com.br\/portal\/wp-json\/wp\/v2\/product\/2644","targetHints":{"allow":["GET"]}}],"collection":[{"href":"https:\/\/bmsolucoesedu.com.br\/portal\/wp-json\/wp\/v2\/product"}],"about":[{"href":"https:\/\/bmsolucoesedu.com.br\/portal\/wp-json\/wp\/v2\/types\/product"}],"wp:featuredmedia":[{"embeddable":true,"href":"https:\/\/bmsolucoesedu.com.br\/portal\/wp-json\/wp\/v2\/media\/4273"}],"wp:attachment":[{"href":"https:\/\/bmsolucoesedu.com.br\/portal\/wp-json\/wp\/v2\/media?parent=2644"}],"wp:term":[{"taxonomy":"product_brand","embeddable":true,"href":"https:\/\/bmsolucoesedu.com.br\/portal\/wp-json\/wp\/v2\/product_brand?post=2644"},{"taxonomy":"product_cat","embeddable":true,"href":"https:\/\/bmsolucoesedu.com.br\/portal\/wp-json\/wp\/v2\/product_cat?post=2644"},{"taxonomy":"product_tag","embeddable":true,"href":"https:\/\/bmsolucoesedu.com.br\/portal\/wp-json\/wp\/v2\/product_tag?post=2644"}],"curies":[{"name":"wp","href":"https:\/\/api.w.org\/{rel}","templated":true}]}}