{"id":2612,"date":"2025-01-15T07:40:39","date_gmt":"2025-01-15T10:40:39","guid":{"rendered":"https:\/\/bmsolucoesedu.com.br\/portal\/?post_type=product&#038;p=2612"},"modified":"2025-11-04T10:20:32","modified_gmt":"2025-11-04T13:20:32","slug":"jogo-de-malha","status":"publish","type":"product","link":"https:\/\/bmsolucoesedu.com.br\/portal\/produtos\/jogo-de-malha\/","title":{"rendered":"Jogo de malha"},"content":{"rendered":"<p>Jogo de malha oficial em a\u00e7o temperado e polido, contendo 04 malhas. peso aproximado de 0,790 gr, di\u00e2metro de 110\/mm, contendo 02 pinos em nylon extra, aprovado pela confedera\u00e7\u00e3o brasileira e pela federa\u00e7\u00e3o paulista de malhas.<\/p>\n","protected":false},"excerpt":{"rendered":"<p>Jogo de malha oficial em a\u00e7o temperado e polido, contendo 04 malhas. peso aproximado de 0,790 gr, di\u00e2metro de 110\/mm, contendo 02 pinos em nylon extra, aprovado pela confedera\u00e7\u00e3o brasileira e pela federa\u00e7\u00e3o paulista de malhas.<\/p>\n","protected":false},"featured_media":4242,"template":"","meta":[],"product_brand":[],"product_cat":[638],"product_tag":[898],"class_list":{"0":"post-2612","1":"product","2":"type-product","3":"status-publish","4":"has-post-thumbnail","6":"product_cat-material-esportivo","7":"product_tag-a126","8":"pa_item-586","9":"pa_lote-219","10":"pa_marca-rs-malhas-malha-oficial","11":"pa_n-ata-19-2024","12":"pa_pregao-eletronico-por-registro-de-precos-no-019-2024","13":"pa_processo-licitatorio-019-2024","14":"wcpv_product_vendors-vale-comercio-de-produtos-para-educacao-ltda","16":"first","17":"instock","18":"shipping-taxable","19":"purchasable","20":"product-type-simple"},"_links":{"self":[{"href":"https:\/\/bmsolucoesedu.com.br\/portal\/wp-json\/wp\/v2\/product\/2612","targetHints":{"allow":["GET"]}}],"collection":[{"href":"https:\/\/bmsolucoesedu.com.br\/portal\/wp-json\/wp\/v2\/product"}],"about":[{"href":"https:\/\/bmsolucoesedu.com.br\/portal\/wp-json\/wp\/v2\/types\/product"}],"wp:featuredmedia":[{"embeddable":true,"href":"https:\/\/bmsolucoesedu.com.br\/portal\/wp-json\/wp\/v2\/media\/4242"}],"wp:attachment":[{"href":"https:\/\/bmsolucoesedu.com.br\/portal\/wp-json\/wp\/v2\/media?parent=2612"}],"wp:term":[{"taxonomy":"product_brand","embeddable":true,"href":"https:\/\/bmsolucoesedu.com.br\/portal\/wp-json\/wp\/v2\/product_brand?post=2612"},{"taxonomy":"product_cat","embeddable":true,"href":"https:\/\/bmsolucoesedu.com.br\/portal\/wp-json\/wp\/v2\/product_cat?post=2612"},{"taxonomy":"product_tag","embeddable":true,"href":"https:\/\/bmsolucoesedu.com.br\/portal\/wp-json\/wp\/v2\/product_tag?post=2612"}],"curies":[{"name":"wp","href":"https:\/\/api.w.org\/{rel}","templated":true}]}}