{"id":2604,"date":"2025-01-15T07:40:39","date_gmt":"2025-01-15T10:40:39","guid":{"rendered":"https:\/\/bmsolucoesedu.com.br\/portal\/?post_type=product&#038;p=2604"},"modified":"2025-11-04T10:20:33","modified_gmt":"2025-11-04T13:20:33","slug":"kit-de-argolas-plasticas-para-agilidade","status":"publish","type":"product","link":"https:\/\/bmsolucoesedu.com.br\/portal\/produtos\/kit-de-argolas-plasticas-para-agilidade\/","title":{"rendered":"Kit de argolas pl\u00e1sticas para agilidade"},"content":{"rendered":"<p>Kit de argolas pl\u00e1sticas para agilidade. material: pl\u00e1stico; quantidade: 12 unidades em cada kit; dimens\u00f5es 35cm de di\u00e2metro; peso 750g<\/p>\n","protected":false},"excerpt":{"rendered":"<p>Kit de argolas pl\u00e1sticas para agilidade. material: pl\u00e1stico; quantidade: 12 unidades em cada kit; dimens\u00f5es 35cm de di\u00e2metro; peso 750g<\/p>\n","protected":false},"featured_media":4234,"template":"","meta":[],"product_brand":[],"product_cat":[638],"product_tag":[898],"class_list":{"0":"post-2604","1":"product","2":"type-product","3":"status-publish","4":"has-post-thumbnail","6":"product_cat-material-esportivo","7":"product_tag-a126","8":"pa_item-411","9":"pa_lote-219","10":"pa_marca-p-c-kit-argola","11":"pa_n-ata-19-2024","12":"pa_pregao-eletronico-por-registro-de-precos-no-019-2024","13":"pa_processo-licitatorio-019-2024","14":"wcpv_product_vendors-vale-comercio-de-produtos-para-educacao-ltda","16":"first","17":"instock","18":"shipping-taxable","19":"purchasable","20":"product-type-simple"},"_links":{"self":[{"href":"https:\/\/bmsolucoesedu.com.br\/portal\/wp-json\/wp\/v2\/product\/2604","targetHints":{"allow":["GET"]}}],"collection":[{"href":"https:\/\/bmsolucoesedu.com.br\/portal\/wp-json\/wp\/v2\/product"}],"about":[{"href":"https:\/\/bmsolucoesedu.com.br\/portal\/wp-json\/wp\/v2\/types\/product"}],"wp:featuredmedia":[{"embeddable":true,"href":"https:\/\/bmsolucoesedu.com.br\/portal\/wp-json\/wp\/v2\/media\/4234"}],"wp:attachment":[{"href":"https:\/\/bmsolucoesedu.com.br\/portal\/wp-json\/wp\/v2\/media?parent=2604"}],"wp:term":[{"taxonomy":"product_brand","embeddable":true,"href":"https:\/\/bmsolucoesedu.com.br\/portal\/wp-json\/wp\/v2\/product_brand?post=2604"},{"taxonomy":"product_cat","embeddable":true,"href":"https:\/\/bmsolucoesedu.com.br\/portal\/wp-json\/wp\/v2\/product_cat?post=2604"},{"taxonomy":"product_tag","embeddable":true,"href":"https:\/\/bmsolucoesedu.com.br\/portal\/wp-json\/wp\/v2\/product_tag?post=2604"}],"curies":[{"name":"wp","href":"https:\/\/api.w.org\/{rel}","templated":true}]}}