{"id":2602,"date":"2025-01-15T07:40:38","date_gmt":"2025-01-15T10:40:38","guid":{"rendered":"https:\/\/bmsolucoesedu.com.br\/portal\/?post_type=product&#038;p=2602"},"modified":"2025-11-04T10:20:37","modified_gmt":"2025-11-04T13:20:37","slug":"raquete-para-tenis-de-mesa","status":"publish","type":"product","link":"https:\/\/bmsolucoesedu.com.br\/portal\/produtos\/raquete-para-tenis-de-mesa\/","title":{"rendered":"Raquete para t\u00eanis de mesa"},"content":{"rendered":"<p>Raquete para t\u00eanis de mesa. estilo: cl\u00e1ssica. aprovada pela federa\u00e7\u00e3o internacional de t\u00eanis de mesa<\/p>\n","protected":false},"excerpt":{"rendered":"<p>Raquete para t\u00eanis de mesa. estilo: cl\u00e1ssica. aprovada pela federa\u00e7\u00e3o internacional de t\u00eanis de mesa<\/p>\n","protected":false},"featured_media":4232,"template":"","meta":[],"product_brand":[],"product_cat":[638],"product_tag":[898],"class_list":{"0":"post-2602","1":"product","2":"type-product","3":"status-publish","4":"has-post-thumbnail","6":"product_cat-material-esportivo","7":"product_tag-a126","8":"pa_item-407","9":"pa_lote-219","10":"pa_marca-vollo-impulse","11":"pa_n-ata-19-2024","12":"pa_pregao-eletronico-por-registro-de-precos-no-019-2024","13":"pa_processo-licitatorio-019-2024","14":"wcpv_product_vendors-vale-comercio-de-produtos-para-educacao-ltda","16":"first","17":"instock","18":"shipping-taxable","19":"purchasable","20":"product-type-simple"},"_links":{"self":[{"href":"https:\/\/bmsolucoesedu.com.br\/portal\/wp-json\/wp\/v2\/product\/2602","targetHints":{"allow":["GET"]}}],"collection":[{"href":"https:\/\/bmsolucoesedu.com.br\/portal\/wp-json\/wp\/v2\/product"}],"about":[{"href":"https:\/\/bmsolucoesedu.com.br\/portal\/wp-json\/wp\/v2\/types\/product"}],"wp:featuredmedia":[{"embeddable":true,"href":"https:\/\/bmsolucoesedu.com.br\/portal\/wp-json\/wp\/v2\/media\/4232"}],"wp:attachment":[{"href":"https:\/\/bmsolucoesedu.com.br\/portal\/wp-json\/wp\/v2\/media?parent=2602"}],"wp:term":[{"taxonomy":"product_brand","embeddable":true,"href":"https:\/\/bmsolucoesedu.com.br\/portal\/wp-json\/wp\/v2\/product_brand?post=2602"},{"taxonomy":"product_cat","embeddable":true,"href":"https:\/\/bmsolucoesedu.com.br\/portal\/wp-json\/wp\/v2\/product_cat?post=2602"},{"taxonomy":"product_tag","embeddable":true,"href":"https:\/\/bmsolucoesedu.com.br\/portal\/wp-json\/wp\/v2\/product_tag?post=2602"}],"curies":[{"name":"wp","href":"https:\/\/api.w.org\/{rel}","templated":true}]}}