{"id":2572,"date":"2025-01-15T07:40:28","date_gmt":"2025-01-15T10:40:28","guid":{"rendered":"https:\/\/bmsolucoesedu.com.br\/portal\/?post_type=product&#038;p=2572"},"modified":"2025-11-04T10:20:28","modified_gmt":"2025-11-04T13:20:28","slug":"bola-de-rugby","status":"publish","type":"product","link":"https:\/\/bmsolucoesedu.com.br\/portal\/produtos\/bola-de-rugby\/","title":{"rendered":"Bola de rugby"},"content":{"rendered":"<p>Bola de rugby, confeccionada em laminado externo de borracha, com 4 gomos costurados \u00e0 m\u00e1quina, com cam\u00e2ra de ar feita atrav\u00e9s de borracha but\u00edlica e estruturas de an\u00e9is, forro com enrolamento de fios sint\u00e9ticos na c\u00e2mara de ar, miolo de borracha remov\u00edvel, peso entre 410-440g e circunfer\u00eancia entre 71-74cm.<\/p>\n","protected":false},"excerpt":{"rendered":"<p>Bola de rugby, confeccionada em laminado externo de borracha, com 4 gomos costurados \u00e0 m\u00e1quina, com cam\u00e2ra de ar feita atrav\u00e9s de borracha but\u00edlica e estruturas de an\u00e9is, forro com enrolamento de fios sint\u00e9ticos na c\u00e2mara de ar, miolo de borracha remov\u00edvel, peso entre 410-440g e circunfer\u00eancia entre 71-74cm.<\/p>\n","protected":false},"featured_media":3025,"template":"","meta":[],"product_brand":[],"product_cat":[638],"product_tag":[898],"class_list":{"0":"post-2572","1":"product","2":"type-product","3":"status-publish","4":"has-post-thumbnail","6":"product_cat-material-esportivo","7":"product_tag-a126","8":"pa_item-337","9":"pa_lote-422","10":"pa_marca-penalty-rugby","11":"pa_n-ata-19-2024","12":"pa_pregao-eletronico-por-registro-de-precos-no-019-2024","13":"pa_processo-licitatorio-019-2024","14":"wcpv_product_vendors-vale-comercio-de-produtos-para-educacao-ltda","16":"first","17":"instock","18":"shipping-taxable","19":"purchasable","20":"product-type-simple"},"_links":{"self":[{"href":"https:\/\/bmsolucoesedu.com.br\/portal\/wp-json\/wp\/v2\/product\/2572","targetHints":{"allow":["GET"]}}],"collection":[{"href":"https:\/\/bmsolucoesedu.com.br\/portal\/wp-json\/wp\/v2\/product"}],"about":[{"href":"https:\/\/bmsolucoesedu.com.br\/portal\/wp-json\/wp\/v2\/types\/product"}],"wp:featuredmedia":[{"embeddable":true,"href":"https:\/\/bmsolucoesedu.com.br\/portal\/wp-json\/wp\/v2\/media\/3025"}],"wp:attachment":[{"href":"https:\/\/bmsolucoesedu.com.br\/portal\/wp-json\/wp\/v2\/media?parent=2572"}],"wp:term":[{"taxonomy":"product_brand","embeddable":true,"href":"https:\/\/bmsolucoesedu.com.br\/portal\/wp-json\/wp\/v2\/product_brand?post=2572"},{"taxonomy":"product_cat","embeddable":true,"href":"https:\/\/bmsolucoesedu.com.br\/portal\/wp-json\/wp\/v2\/product_cat?post=2572"},{"taxonomy":"product_tag","embeddable":true,"href":"https:\/\/bmsolucoesedu.com.br\/portal\/wp-json\/wp\/v2\/product_tag?post=2572"}],"curies":[{"name":"wp","href":"https:\/\/api.w.org\/{rel}","templated":true}]}}