{"id":2535,"date":"2025-01-15T07:40:16","date_gmt":"2025-01-15T10:40:16","guid":{"rendered":"https:\/\/bmsolucoesedu.com.br\/portal\/?post_type=product&#038;p=2535"},"modified":"2025-11-04T10:20:27","modified_gmt":"2025-11-04T13:20:27","slug":"bola-de-futebol-de-campo","status":"publish","type":"product","link":"https:\/\/bmsolucoesedu.com.br\/portal\/produtos\/bola-de-futebol-de-campo\/","title":{"rendered":"Bola de futebol de campo"},"content":{"rendered":"<p>Bola de futebol de campo, confeccionada em tecido com apelo ecol\u00f3gico feito \u00e1 base de garrafas PET, com 14 gomos termossoldados, peso entre 420-445g e circunfer\u00eancia entre 68-70cm<\/p>\n","protected":false},"excerpt":{"rendered":"<p>Bola de futebol de campo, confeccionada em tecido com apelo ecol\u00f3gico feito \u00e1 base de garrafas PET, com 14 gomos termossoldados, peso entre 420-445g e circunfer\u00eancia entre 68-70cm<\/p>\n","protected":false},"featured_media":2957,"template":"","meta":[],"product_brand":[],"product_cat":[638],"product_tag":[898],"class_list":{"0":"post-2535","1":"product","2":"type-product","3":"status-publish","4":"has-post-thumbnail","6":"product_cat-material-esportivo","7":"product_tag-a126","8":"pa_item-267","9":"pa_lote-422","10":"pa_marca-penalty-s11-eckokint","11":"pa_n-ata-19-2024","12":"pa_pregao-eletronico-por-registro-de-precos-no-019-2024","13":"pa_processo-licitatorio-019-2024","14":"wcpv_product_vendors-vale-comercio-de-produtos-para-educacao-ltda","16":"first","17":"instock","18":"shipping-taxable","19":"purchasable","20":"product-type-simple"},"_links":{"self":[{"href":"https:\/\/bmsolucoesedu.com.br\/portal\/wp-json\/wp\/v2\/product\/2535","targetHints":{"allow":["GET"]}}],"collection":[{"href":"https:\/\/bmsolucoesedu.com.br\/portal\/wp-json\/wp\/v2\/product"}],"about":[{"href":"https:\/\/bmsolucoesedu.com.br\/portal\/wp-json\/wp\/v2\/types\/product"}],"wp:featuredmedia":[{"embeddable":true,"href":"https:\/\/bmsolucoesedu.com.br\/portal\/wp-json\/wp\/v2\/media\/2957"}],"wp:attachment":[{"href":"https:\/\/bmsolucoesedu.com.br\/portal\/wp-json\/wp\/v2\/media?parent=2535"}],"wp:term":[{"taxonomy":"product_brand","embeddable":true,"href":"https:\/\/bmsolucoesedu.com.br\/portal\/wp-json\/wp\/v2\/product_brand?post=2535"},{"taxonomy":"product_cat","embeddable":true,"href":"https:\/\/bmsolucoesedu.com.br\/portal\/wp-json\/wp\/v2\/product_cat?post=2535"},{"taxonomy":"product_tag","embeddable":true,"href":"https:\/\/bmsolucoesedu.com.br\/portal\/wp-json\/wp\/v2\/product_tag?post=2535"}],"curies":[{"name":"wp","href":"https:\/\/api.w.org\/{rel}","templated":true}]}}