{"id":2487,"date":"2024-11-27T15:13:31","date_gmt":"2024-11-27T18:13:31","guid":{"rendered":"https:\/\/bmsolucoesedu.com.br\/portal\/?post_type=product&#038;p=2487"},"modified":"2025-01-21T20:16:15","modified_gmt":"2025-01-21T23:16:15","slug":"alfabeto-em-braille","status":"publish","type":"product","link":"https:\/\/bmsolucoesedu.com.br\/portal\/produtos\/alfabeto-em-braille\/","title":{"rendered":"ALFABETO EM BRAILLE"},"content":{"rendered":"<p>ALFABETO EM BRAILLE &#8211; Confeccionado em polipropileno, cont\u00e9m 31 pe\u00e7as com desenhos das letras em alto-relevo. Inclui o &#8220;\u00e7&#8221; e sua correspond\u00eancia em braille no verso. <\/p>\n<p>Acondicionado em caixa de polipropileno com tampa.<br \/>\nMEDIDAS APROXIMADAS &#8211; Cada pe\u00e7a: 7 cm x 3,5 cm x 0,4 cm.<br \/>\nCertificado pelo Inmetro.<\/p>\n","protected":false},"excerpt":{"rendered":"<p>ALFABETO EM BRAILLE &#8211; Confeccionado em polipropileno, cont\u00e9m 31 pe\u00e7as com desenhos das letras em alto-relevo. Inclui o &#8220;\u00e7&#8221; e sua correspond\u00eancia em braille no verso. <\/p>\n<p>Acondicionado em caixa de polipropileno com tampa.<br \/>\nMEDIDAS APROXIMADAS &#8211; Cada pe\u00e7a: 7 cm x 3,5 cm x 0,4 cm.<br \/>\nCertificado pelo Inmetro.<\/p>\n","protected":false},"featured_media":2514,"template":"","meta":[],"product_brand":[],"product_cat":[192],"product_tag":[897],"class_list":{"0":"post-2487","1":"product","2":"type-product","3":"status-publish","4":"has-post-thumbnail","6":"product_cat-brinquedos","7":"product_tag-a169","8":"pa_item-321","9":"pa_lote-219","10":"pa_marca-maxi-toys","11":"pa_n-ata-02-2024","12":"pa_pregao-eletronico-n-10-015-2023","13":"pa_processo-licitatorio-10200001-2023","14":"wcpv_product_vendors-smart-toys-comercio-de-brinquedos-ltda","16":"first","17":"instock","18":"shipping-taxable","19":"purchasable","20":"product-type-simple"},"_links":{"self":[{"href":"https:\/\/bmsolucoesedu.com.br\/portal\/wp-json\/wp\/v2\/product\/2487","targetHints":{"allow":["GET"]}}],"collection":[{"href":"https:\/\/bmsolucoesedu.com.br\/portal\/wp-json\/wp\/v2\/product"}],"about":[{"href":"https:\/\/bmsolucoesedu.com.br\/portal\/wp-json\/wp\/v2\/types\/product"}],"wp:featuredmedia":[{"embeddable":true,"href":"https:\/\/bmsolucoesedu.com.br\/portal\/wp-json\/wp\/v2\/media\/2514"}],"wp:attachment":[{"href":"https:\/\/bmsolucoesedu.com.br\/portal\/wp-json\/wp\/v2\/media?parent=2487"}],"wp:term":[{"taxonomy":"product_brand","embeddable":true,"href":"https:\/\/bmsolucoesedu.com.br\/portal\/wp-json\/wp\/v2\/product_brand?post=2487"},{"taxonomy":"product_cat","embeddable":true,"href":"https:\/\/bmsolucoesedu.com.br\/portal\/wp-json\/wp\/v2\/product_cat?post=2487"},{"taxonomy":"product_tag","embeddable":true,"href":"https:\/\/bmsolucoesedu.com.br\/portal\/wp-json\/wp\/v2\/product_tag?post=2487"}],"curies":[{"name":"wp","href":"https:\/\/api.w.org\/{rel}","templated":true}]}}