{"id":2469,"date":"2024-11-27T15:13:29","date_gmt":"2024-11-27T18:13:29","guid":{"rendered":"https:\/\/bmsolucoesedu.com.br\/portal\/?post_type=product&#038;p=2469"},"modified":"2025-01-21T20:16:15","modified_gmt":"2025-01-21T23:16:15","slug":"blocos-de-encaixe","status":"publish","type":"product","link":"https:\/\/bmsolucoesedu.com.br\/portal\/produtos\/blocos-de-encaixe\/","title":{"rendered":"BLOCOS DE ENCAIXE"},"content":{"rendered":"<p>BLOCOS DE ENCAIXE &#8211; Conjunto 160 pe\u00e7as coloridas e grandes, confeccionadas em pl\u00e1stico at\u00f3xico de alto brilho, sendo: PE\u00c7AS RETANGULARES VAZADAS, PE\u00c7AS QUADRADAS VAZADAS, PE\u00c7AS CIRCULARES VAZADAS e PE\u00c7AS EIXO. <\/p>\n<p>MEDIDAS APROXIMADAS DAS PE\u00c7AS.<br \/>\nVariando entre: pe\u00e7a maior: 20cm e pe\u00e7a menor: 08cm.<br \/>\nAcondicionado em sacola de PVC com ziper e al\u00e7a. <\/p>\n<p>Certificado pelo Inmetro.<\/p>\n","protected":false},"excerpt":{"rendered":"<p>BLOCOS DE ENCAIXE &#8211; Conjunto 160 pe\u00e7as coloridas e grandes, confeccionadas em pl\u00e1stico at\u00f3xico de alto brilho, sendo: PE\u00c7AS RETANGULARES VAZADAS, PE\u00c7AS QUADRADAS VAZADAS, PE\u00c7AS CIRCULARES VAZADAS e PE\u00c7AS EIXO. <\/p>\n<p>MEDIDAS APROXIMADAS DAS PE\u00c7AS.<br \/>\nVariando entre: pe\u00e7a maior: 20cm e pe\u00e7a menor: 08cm.<br \/>\nAcondicionado em sacola de PVC com ziper e al\u00e7a. <\/p>\n<p>Certificado pelo Inmetro.<\/p>\n","protected":false},"featured_media":2496,"template":"","meta":[],"product_brand":[],"product_cat":[192],"product_tag":[897],"class_list":{"0":"post-2469","1":"product","2":"type-product","3":"status-publish","4":"has-post-thumbnail","6":"product_cat-brinquedos","7":"product_tag-a169","8":"pa_item-287","9":"pa_lote-219","10":"pa_marca-maxi-toys","11":"pa_n-ata-02-2024","12":"pa_pregao-eletronico-n-10-015-2023","13":"pa_processo-licitatorio-10200001-2023","14":"wcpv_product_vendors-smart-toys-comercio-de-brinquedos-ltda","16":"first","17":"instock","18":"shipping-taxable","19":"purchasable","20":"product-type-simple"},"_links":{"self":[{"href":"https:\/\/bmsolucoesedu.com.br\/portal\/wp-json\/wp\/v2\/product\/2469","targetHints":{"allow":["GET"]}}],"collection":[{"href":"https:\/\/bmsolucoesedu.com.br\/portal\/wp-json\/wp\/v2\/product"}],"about":[{"href":"https:\/\/bmsolucoesedu.com.br\/portal\/wp-json\/wp\/v2\/types\/product"}],"wp:featuredmedia":[{"embeddable":true,"href":"https:\/\/bmsolucoesedu.com.br\/portal\/wp-json\/wp\/v2\/media\/2496"}],"wp:attachment":[{"href":"https:\/\/bmsolucoesedu.com.br\/portal\/wp-json\/wp\/v2\/media?parent=2469"}],"wp:term":[{"taxonomy":"product_brand","embeddable":true,"href":"https:\/\/bmsolucoesedu.com.br\/portal\/wp-json\/wp\/v2\/product_brand?post=2469"},{"taxonomy":"product_cat","embeddable":true,"href":"https:\/\/bmsolucoesedu.com.br\/portal\/wp-json\/wp\/v2\/product_cat?post=2469"},{"taxonomy":"product_tag","embeddable":true,"href":"https:\/\/bmsolucoesedu.com.br\/portal\/wp-json\/wp\/v2\/product_tag?post=2469"}],"curies":[{"name":"wp","href":"https:\/\/api.w.org\/{rel}","templated":true}]}}