{"id":2041,"date":"2024-10-11T21:34:25","date_gmt":"2024-10-12T00:34:25","guid":{"rendered":"https:\/\/bmsolucoesedu.com.br\/portal\/?post_type=product&#038;p=2041"},"modified":"2025-10-18T18:25:59","modified_gmt":"2025-10-18T21:25:59","slug":"rio-grande-do-sul-espaco-e-tempo","status":"publish","type":"product","link":"https:\/\/bmsolucoesedu.com.br\/portal\/produtos\/rio-grande-do-sul-espaco-e-tempo\/","title":{"rendered":"RIO GRANDE DO SUL, ESPA\u00c7O E TEMPO &#8211; LIVRO DO RS"},"content":{"rendered":"<div class=\"wpb-content-wrapper\"><p>[vc_row el_class=&#8221;m-b-md&#8221;][vc_column][vc_column_text css=&#8221;&#8221;]RIO GRANDE DO SUL, ESPA\u00c7O E TEMPO<br \/>\nNeste livro regional s\u00e3o abordados os principais aspectos hist\u00f3ricos e geogr\u00e1ficos do nosso estado, al\u00e9m da economia, popula\u00e7\u00e3o e cultura da nossa gente, abrangendo as habilidades da BNCC e da Base Curricular Ga\u00facha. Em sua terceira edi\u00e7\u00e3o, a obra est\u00e1 reformulada e atualizada, apresentando rica iconografia, com monumentos, pra\u00e7as, mapas, paisagens, textos de outros autores, dentre outros diferenciais.<br \/>\n[\/vc_column_text][\/vc_column][\/vc_row]<\/p>\n<\/div>","protected":false},"excerpt":{"rendered":"<p>RIO GRANDE DO SUL, ESPA\u00c7O E TEMPO<br \/>\nNeste livro regional s\u00e3o abordados os principais aspectos hist\u00f3ricos e geogr\u00e1ficos do nosso estado, al\u00e9m da economia, popula\u00e7\u00e3o e cultura da nossa gente, abrangendo as habilidades da BNCC e da Base Curricular Ga\u00facha. Em sua terceira edi\u00e7\u00e3o, a obra est\u00e1 reformulada e atualizada, apresentando rica iconografia, com monumentos, pra\u00e7as, mapas, paisagens, textos de outros autores, dentre outros diferenciais.<\/p>\n","protected":false},"featured_media":2043,"template":"","meta":[],"product_brand":[],"product_cat":[191],"product_tag":[894,211],"class_list":{"0":"post-2041","1":"product","2":"type-product","3":"status-publish","4":"has-post-thumbnail","6":"product_cat-livros","7":"product_tag-i156","8":"product_tag-inex","9":"pa_item-i156","10":"pa_marca-atica","11":"pa_n-ata-i156","12":"wcpv_product_vendors-saber-educacao","14":"first","15":"instock","16":"shipping-taxable","17":"purchasable","18":"product-type-simple"},"_links":{"self":[{"href":"https:\/\/bmsolucoesedu.com.br\/portal\/wp-json\/wp\/v2\/product\/2041","targetHints":{"allow":["GET"]}}],"collection":[{"href":"https:\/\/bmsolucoesedu.com.br\/portal\/wp-json\/wp\/v2\/product"}],"about":[{"href":"https:\/\/bmsolucoesedu.com.br\/portal\/wp-json\/wp\/v2\/types\/product"}],"wp:featuredmedia":[{"embeddable":true,"href":"https:\/\/bmsolucoesedu.com.br\/portal\/wp-json\/wp\/v2\/media\/2043"}],"wp:attachment":[{"href":"https:\/\/bmsolucoesedu.com.br\/portal\/wp-json\/wp\/v2\/media?parent=2041"}],"wp:term":[{"taxonomy":"product_brand","embeddable":true,"href":"https:\/\/bmsolucoesedu.com.br\/portal\/wp-json\/wp\/v2\/product_brand?post=2041"},{"taxonomy":"product_cat","embeddable":true,"href":"https:\/\/bmsolucoesedu.com.br\/portal\/wp-json\/wp\/v2\/product_cat?post=2041"},{"taxonomy":"product_tag","embeddable":true,"href":"https:\/\/bmsolucoesedu.com.br\/portal\/wp-json\/wp\/v2\/product_tag?post=2041"}],"curies":[{"name":"wp","href":"https:\/\/api.w.org\/{rel}","templated":true}]}}