{"id":2035,"date":"2024-10-11T21:26:32","date_gmt":"2024-10-12T00:26:32","guid":{"rendered":"https:\/\/bmsolucoesedu.com.br\/portal\/?post_type=product&#038;p=2035"},"modified":"2025-08-29T09:39:37","modified_gmt":"2025-08-29T12:39:37","slug":"saberes-da-vida-saberes-da-escola-7-ano","status":"publish","type":"product","link":"https:\/\/bmsolucoesedu.com.br\/portal\/produtos\/saberes-da-vida-saberes-da-escola-7-ano\/","title":{"rendered":"SABERES DA VIDA, SABERES DA ESCOLA 7\u00b0 ANO"},"content":{"rendered":"<p>Este livro foi especialmente pensado e elaborado para os alunos da EJA &#8211; grupo formado por pessoas de diferentes faixas et\u00e1rias e ampla variedade cultural que acompanha a extens\u00e3o do Brasil e que, por isso, engloba um amplo espectro dle atitudes, valores e conhecimentos. Acreditamos que a continuidade dos estudos e importante na forma\u00e7\u00e3o e desenvolvimento pessoal, social e profissional de todos e sabemos que, por motivos diversos, muitas pessoas tem de abandonar a escola ainda muito jovens. Pensando no encadeamento de conte\u00fados e contemplando as grandes \u00e1reas de conhecimento, este material foi estruturado em dois m\u00f3dulos tem\u00e1ticos e disciplinares e em um caderno contendo propostas de atividades ou pequenos projetos did\u00e1ticos que d\u00e3o significado aos conhecimentos que foram construidos no decorrer do ano letivo. Os temas dos m\u00f3dulos, por serem comuns, favorecem e facilitam o trabalho interdisciplinar\u00a0entre\u00a0as\u00a0\u00e1reas.<\/p>\n","protected":false},"excerpt":{"rendered":"<p>SABERES DA VIDA, SABERES DA ESCOLA 7\u00b0 ANO<br \/>\nEste livro foi especialmente pensado e elaborado para os alunos da EJA &#8211; grupo formado por pessoas de diferentes faixas<br \/>\net\u00e1rias e ampla variedade cultural que acompanha a extens\u00e3o do Brasil e que, por isso, engloba um amplo espectro de<br \/>\natitudes, valores e conhecimentos.<\/p>\n","protected":false},"featured_media":2038,"template":"","meta":[],"product_brand":[],"product_cat":[191,550],"product_tag":[893,211],"class_list":{"0":"post-2035","1":"product","2":"type-product","3":"status-publish","4":"has-post-thumbnail","6":"product_cat-livros","7":"product_cat-livros-eja","8":"product_tag-i136","9":"product_tag-inex","10":"pa_item-i136","11":"pa_marca-atica","12":"pa_n-ata-i136","13":"wcpv_product_vendors-bm-comercio-e-servicos-ltda","15":"first","16":"instock","17":"shipping-taxable","18":"purchasable","19":"product-type-simple"},"_links":{"self":[{"href":"https:\/\/bmsolucoesedu.com.br\/portal\/wp-json\/wp\/v2\/product\/2035","targetHints":{"allow":["GET"]}}],"collection":[{"href":"https:\/\/bmsolucoesedu.com.br\/portal\/wp-json\/wp\/v2\/product"}],"about":[{"href":"https:\/\/bmsolucoesedu.com.br\/portal\/wp-json\/wp\/v2\/types\/product"}],"wp:featuredmedia":[{"embeddable":true,"href":"https:\/\/bmsolucoesedu.com.br\/portal\/wp-json\/wp\/v2\/media\/2038"}],"wp:attachment":[{"href":"https:\/\/bmsolucoesedu.com.br\/portal\/wp-json\/wp\/v2\/media?parent=2035"}],"wp:term":[{"taxonomy":"product_brand","embeddable":true,"href":"https:\/\/bmsolucoesedu.com.br\/portal\/wp-json\/wp\/v2\/product_brand?post=2035"},{"taxonomy":"product_cat","embeddable":true,"href":"https:\/\/bmsolucoesedu.com.br\/portal\/wp-json\/wp\/v2\/product_cat?post=2035"},{"taxonomy":"product_tag","embeddable":true,"href":"https:\/\/bmsolucoesedu.com.br\/portal\/wp-json\/wp\/v2\/product_tag?post=2035"}],"curies":[{"name":"wp","href":"https:\/\/api.w.org\/{rel}","templated":true}]}}