{"id":2025,"date":"2024-10-11T18:40:57","date_gmt":"2024-10-11T21:40:57","guid":{"rendered":"https:\/\/bmsolucoesedu.com.br\/portal\/?post_type=product&#038;p=2025"},"modified":"2025-05-20T14:51:49","modified_gmt":"2025-05-20T17:51:49","slug":"projeto-educacional-estimulando","status":"publish","type":"product","link":"https:\/\/bmsolucoesedu.com.br\/portal\/produtos\/projeto-educacional-estimulando\/","title":{"rendered":"Projeto Educacional Estimulando"},"content":{"rendered":"<p>PROJETO EDUCACIONAL ESTIMULANDO<br \/>\nComposto por 250 livros, 1 painel neuro pedag\u00f3gico psicomotor 180&#215;90, 1 mesa infantil, 4 cadeiras infantis, 1 ba\u00fa de madeira, 1 domin\u00f3 gigante, 10 fantoches, 1 centro de leitura, 12 livros t\u00e9cnicos, 10 fantasias, 1 m\u00f3vel em MDF, 1 centopeia das cores, 1 kit amiguinhos de montar, 1 kit de jogos pl\u00e1sticos com 700 pe\u00e7as 1 tapete sensorial.<\/p>\n","protected":false},"excerpt":{"rendered":"<p>PROJETO EDUCACIONAL ESTIMULANDO<br \/>\nComposto por 250 livros, 1 painel neuro pedag\u00f3gico psicomotor 180&#215;90, 1 mesa infantil, 4 cadeiras infantis, 1 ba\u00fa de madeira, 1 domin\u00f3 gigante, 10 fantoches, 1 centro de leitura, 12 livros t\u00e9cnicos, 10 fantasias, 1 m\u00f3vel em MDF, 1 centopeia das cores, 1 kit amiguinhos de montar, 1 kit de jogos pl\u00e1sticos com 700 pe\u00e7as 1 tapete sensorial.<\/p>\n","protected":false},"featured_media":2026,"template":"","meta":[],"product_brand":[],"product_cat":[540],"product_tag":[890,211],"class_list":{"0":"post-2025","1":"product","2":"type-product","3":"status-publish","4":"has-post-thumbnail","6":"product_cat-projetos","7":"product_tag-i001","8":"product_tag-inex","9":"pa_item-i001","10":"pa_marca-pae-editora","11":"pa_n-ata-i001","12":"wcpv_product_vendors-pae-editora-e-distribuidora-de-livros-ltda","14":"first","15":"instock","16":"shipping-taxable","17":"purchasable","18":"product-type-simple"},"_links":{"self":[{"href":"https:\/\/bmsolucoesedu.com.br\/portal\/wp-json\/wp\/v2\/product\/2025","targetHints":{"allow":["GET"]}}],"collection":[{"href":"https:\/\/bmsolucoesedu.com.br\/portal\/wp-json\/wp\/v2\/product"}],"about":[{"href":"https:\/\/bmsolucoesedu.com.br\/portal\/wp-json\/wp\/v2\/types\/product"}],"wp:featuredmedia":[{"embeddable":true,"href":"https:\/\/bmsolucoesedu.com.br\/portal\/wp-json\/wp\/v2\/media\/2026"}],"wp:attachment":[{"href":"https:\/\/bmsolucoesedu.com.br\/portal\/wp-json\/wp\/v2\/media?parent=2025"}],"wp:term":[{"taxonomy":"product_brand","embeddable":true,"href":"https:\/\/bmsolucoesedu.com.br\/portal\/wp-json\/wp\/v2\/product_brand?post=2025"},{"taxonomy":"product_cat","embeddable":true,"href":"https:\/\/bmsolucoesedu.com.br\/portal\/wp-json\/wp\/v2\/product_cat?post=2025"},{"taxonomy":"product_tag","embeddable":true,"href":"https:\/\/bmsolucoesedu.com.br\/portal\/wp-json\/wp\/v2\/product_tag?post=2025"}],"curies":[{"name":"wp","href":"https:\/\/api.w.org\/{rel}","templated":true}]}}