{"id":1992,"date":"2024-10-11T08:51:24","date_gmt":"2024-10-11T11:51:24","guid":{"rendered":"https:\/\/bmsolucoesedu.com.br\/portal\/?post_type=product&#038;p=1992"},"modified":"2025-01-21T20:06:29","modified_gmt":"2025-01-21T23:06:29","slug":"kit-esquema-corporal","status":"publish","type":"product","link":"https:\/\/bmsolucoesedu.com.br\/portal\/produtos\/kit-esquema-corporal\/","title":{"rendered":"Kit Esquema Corporal"},"content":{"rendered":"<div class=\"wpb-content-wrapper\"><p>[vc_row el_class=&#8221;m-b-md&#8221;][vc_column][vc_column_text css=&#8221;&#8221;]Kit Esquema Corporal &#8211; Confeccionado em madeira Paric\u00e1 de 10 mm. Inclui prancha vazada e recortada, serigrafada com o tema de menina, e pe\u00e7as representando as fases do corpo feminino, masculino e gestante, utilizando tinta \u00e0 base de \u00e1gua. Produto 100% artesanal.<\/p>\n<p>Medidas Aproximadas: Comprimento de 220 mm x Largura de 100 mm x Altura de 390 mm.[\/vc_column_text][\/vc_column][\/vc_row]<\/p>\n<\/div>","protected":false},"excerpt":{"rendered":"<p>Kit Esquema Corporal &#8211; Confeccionado em madeira Paric\u00e1 de 10 mm. Inclui prancha vazada e recortada, serigrafada com o tema de menina, e pe\u00e7as representando as fases do corpo feminino, masculino e gestante, utilizando tinta \u00e0 base de \u00e1gua. Produto 100% artesanal.<\/p>\n<p>Medidas Aproximadas: Comprimento de 220 mm x Largura de 100 mm x Altura de 390 mm.<\/p>\n","protected":false},"featured_media":1989,"template":"","meta":[],"product_brand":[],"product_cat":[192],"product_tag":[888],"class_list":{"0":"post-1992","1":"product","2":"type-product","3":"status-publish","4":"has-post-thumbnail","6":"product_cat-brinquedos","7":"product_tag-a217","8":"pa_item-283","9":"pa_lote-243","10":"pa_marca-take-brinquedos-esquema-corporal","11":"pa_n-ata-002-2024","12":"pa_pregao-eletronico-n-003-2024","13":"pa_processo-licitatorio-004-2024","14":"wcpv_product_vendors-vale-comercio-de-produtos-para-educacao-ltda","16":"first","17":"instock","18":"shipping-taxable","19":"purchasable","20":"product-type-simple"},"_links":{"self":[{"href":"https:\/\/bmsolucoesedu.com.br\/portal\/wp-json\/wp\/v2\/product\/1992","targetHints":{"allow":["GET"]}}],"collection":[{"href":"https:\/\/bmsolucoesedu.com.br\/portal\/wp-json\/wp\/v2\/product"}],"about":[{"href":"https:\/\/bmsolucoesedu.com.br\/portal\/wp-json\/wp\/v2\/types\/product"}],"wp:featuredmedia":[{"embeddable":true,"href":"https:\/\/bmsolucoesedu.com.br\/portal\/wp-json\/wp\/v2\/media\/1989"}],"wp:attachment":[{"href":"https:\/\/bmsolucoesedu.com.br\/portal\/wp-json\/wp\/v2\/media?parent=1992"}],"wp:term":[{"taxonomy":"product_brand","embeddable":true,"href":"https:\/\/bmsolucoesedu.com.br\/portal\/wp-json\/wp\/v2\/product_brand?post=1992"},{"taxonomy":"product_cat","embeddable":true,"href":"https:\/\/bmsolucoesedu.com.br\/portal\/wp-json\/wp\/v2\/product_cat?post=1992"},{"taxonomy":"product_tag","embeddable":true,"href":"https:\/\/bmsolucoesedu.com.br\/portal\/wp-json\/wp\/v2\/product_tag?post=1992"}],"curies":[{"name":"wp","href":"https:\/\/api.w.org\/{rel}","templated":true}]}}